{"id":3742,"date":"2022-05-14T15:33:43","date_gmt":"2022-05-14T15:33:43","guid":{"rendered":"https:\/\/klarline.ro\/shop\/pantaloni-lungi-din-in-cu-talie-elastica\/"},"modified":"2022-07-04T20:55:50","modified_gmt":"2022-07-04T20:55:50","slug":"pantaloni-lungi-din-in-cu-talie-elastica","status":"publish","type":"product","link":"https:\/\/klarline.ro\/ro\/shop\/pantaloni-lungi-din-in-cu-talie-elastica\/","title":{"rendered":"Pantaloni lungi din in, cu talie elastic\u0103"},"content":{"rendered":"","protected":false},"excerpt":{"rendered":"<p><strong>Descriere:<\/strong><br \/>\nPantaloni lungi cu croial\u0103 dreapt\u0103 \u0219i cu buzunare laterale tip suedez. Elasticul din talie ofer\u0103 confort maxim purt\u0103toarei. Potrivi\u021bi pentru toate v\u00e2rstele.<\/p>\n<p><strong>Detalii:<\/strong><br \/>\n\u2022 100% in premium<br \/>\n\u2022 talie \u00eenalt\u0103 cu elastic<br \/>\n\u2022 croial\u0103 dreapt\u0103<br \/>\n\u2022 buzunare laterale tip suedez<br \/>\n\u2022 lungime exterioar\u0103 cca. 106 cm<br \/>\n\u2022 lungime interioar\u0103 cca. 76 cm<br \/>\n\u2022 l\u0103rgimea tivului cca. 56 cm<br \/>\n\u2022 modelul din imagine are 176 cm \u00een\u0103ltime si poarta m\u0103sura L<\/p>\n<p>\u00cen vederea unui consum responsabil, lucr\u0103m cu un stoc minim de marf\u0103, astfel de cele mai multe ori realiz\u0103m produsul pe baza comenzii dvs., ceea ce presupune un timp de procesare mai lung dec\u00e2t de obicei. Procesarea \u0219i expedierea comenzii dureaz\u0103 7-14 zile lucr\u0103toare, \u00een func\u021bie de produsul ales. Dac\u0103 ave\u021bi nevoie de articolul selectat mai devreme, v\u0103 rug\u0103m s\u0103 ne contacta\u021bi \u0219i vom \u00eencerca s\u0103 g\u0103sim o solu\u021bie pentru a expedia produsele la timp.<\/p>\n","protected":false},"featured_media":2803,"comment_status":"open","ping_status":"closed","template":"","meta":[],"etheme_brands":[{"term_id":22,"name":"Klarline","slug":"klarline","term_group":0,"term_taxonomy_id":22,"taxonomy":"brand","description":"","parent":0,"count":24,"filter":"raw"}],"product_brand":[],"product_cat":[75],"product_tag":[],"class_list":{"0":"post-3742","1":"product","2":"type-product","3":"status-publish","4":"has-post-thumbnail","6":"brand-klarline","7":"product_cat-pantaloni","9":"first","10":"instock","11":"shipping-taxable","12":"purchasable","13":"product-type-variable"},"yoast_head":"<!-- This site is optimized with the Yoast SEO Premium plugin v17.2 (Yoast SEO v17.2) - https:\/\/yoast.com\/wordpress\/plugins\/seo\/ -->\n<title>Pantaloni lungi din in, cu talie elastic\u0103 - Klarline<\/title>\n<meta name=\"robots\" content=\"index, follow, max-snippet:-1, max-image-preview:large, max-video-preview:-1\" \/>\n<link rel=\"canonical\" href=\"https:\/\/klarline.ro\/ro\/shop\/pantaloni-lungi-din-in-cu-talie-elastica\/\" \/>\n<meta property=\"og:locale\" content=\"ro_RO\" \/>\n<meta property=\"og:type\" content=\"article\" \/>\n<meta property=\"og:title\" content=\"Pantaloni lungi din in, cu talie elastic\u0103\" \/>\n<meta property=\"og:description\" content=\"Descriere: Pantaloni lungi cu croial\u0103 dreapt\u0103 \u0219i cu buzunare laterale tip suedez. Elasticul din talie ofer\u0103 confort maxim purt\u0103toarei. Potrivi\u021bi pentru toate v\u00e2rstele.  Detalii: \u2022 100% in premium \u2022 talie \u00eenalt\u0103 cu elastic \u2022 croial\u0103 dreapt\u0103 \u2022 buzunare laterale tip suedez \u2022 lungime exterioar\u0103 cca. 106 cm \u2022 lungime interioar\u0103 cca. 76 cm \u2022 l\u0103rgimea tivului cca. 56 cm \u2022 modelul din imagine are 176 cm \u00een\u0103ltime si poarta m\u0103sura L  \u00cen vederea unui consum responsabil, lucr\u0103m cu un stoc minim de marf\u0103, astfel de cele mai multe ori realiz\u0103m produsul pe baza comenzii dvs., ceea ce presupune un timp de procesare mai lung dec\u00e2t de obicei. Procesarea \u0219i expedierea comenzii dureaz\u0103 7-14 zile lucr\u0103toare, \u00een func\u021bie de produsul ales. Dac\u0103 ave\u021bi nevoie de articolul selectat mai devreme, v\u0103 rug\u0103m s\u0103 ne contacta\u021bi \u0219i vom \u00eencerca s\u0103 g\u0103sim o solu\u021bie pentru a expedia produsele la timp.\" \/>\n<meta property=\"og:url\" content=\"https:\/\/klarline.ro\/ro\/shop\/pantaloni-lungi-din-in-cu-talie-elastica\/\" \/>\n<meta property=\"og:site_name\" content=\"Klarline\" \/>\n<meta property=\"article:modified_time\" content=\"2022-07-04T20:55:50+00:00\" \/>\n<meta property=\"og:image\" content=\"https:\/\/klarline.ro\/wp-content\/uploads\/klarline-product-2-2.jpg\" \/>\n\t<meta property=\"og:image:width\" content=\"733\" \/>\n\t<meta property=\"og:image:height\" content=\"1100\" \/>\n<meta name=\"twitter:card\" content=\"summary_large_image\" \/>\n<script type=\"application\/ld+json\" class=\"yoast-schema-graph\">{\"@context\":\"https:\/\/schema.org\",\"@graph\":[{\"@type\":\"WebSite\",\"@id\":\"https:\/\/klarline.ro\/#website\",\"url\":\"https:\/\/klarline.ro\/\",\"name\":\"Klarline\",\"description\":\"\",\"potentialAction\":[{\"@type\":\"SearchAction\",\"target\":{\"@type\":\"EntryPoint\",\"urlTemplate\":\"https:\/\/klarline.ro\/?s={search_term_string}\"},\"query-input\":\"required name=search_term_string\"}],\"inLanguage\":\"ro-RO\"},{\"@type\":\"ImageObject\",\"@id\":\"https:\/\/klarline.ro\/ro\/shop\/pantaloni-lungi-din-in-cu-talie-elastica\/#primaryimage\",\"inLanguage\":\"ro-RO\",\"url\":\"https:\/\/klarline.ro\/wp-content\/uploads\/klarline-product-2-2.jpg\",\"contentUrl\":\"https:\/\/klarline.ro\/wp-content\/uploads\/klarline-product-2-2.jpg\",\"width\":733,\"height\":1100},{\"@type\":\"WebPage\",\"@id\":\"https:\/\/klarline.ro\/ro\/shop\/pantaloni-lungi-din-in-cu-talie-elastica\/#webpage\",\"url\":\"https:\/\/klarline.ro\/ro\/shop\/pantaloni-lungi-din-in-cu-talie-elastica\/\",\"name\":\"Pantaloni lungi din in, cu talie elastic\\u0103 - Klarline\",\"isPartOf\":{\"@id\":\"https:\/\/klarline.ro\/#website\"},\"primaryImageOfPage\":{\"@id\":\"https:\/\/klarline.ro\/ro\/shop\/pantaloni-lungi-din-in-cu-talie-elastica\/#primaryimage\"},\"datePublished\":\"2022-05-14T15:33:43+00:00\",\"dateModified\":\"2022-07-04T20:55:50+00:00\",\"breadcrumb\":{\"@id\":\"https:\/\/klarline.ro\/ro\/shop\/pantaloni-lungi-din-in-cu-talie-elastica\/#breadcrumb\"},\"inLanguage\":\"ro-RO\",\"potentialAction\":[{\"@type\":\"ReadAction\",\"target\":[\"https:\/\/klarline.ro\/ro\/shop\/pantaloni-lungi-din-in-cu-talie-elastica\/\"]}]},{\"@type\":\"BreadcrumbList\",\"@id\":\"https:\/\/klarline.ro\/ro\/shop\/pantaloni-lungi-din-in-cu-talie-elastica\/#breadcrumb\",\"itemListElement\":[{\"@type\":\"ListItem\",\"position\":1,\"name\":\"Home\",\"item\":\"https:\/\/klarline.ro\/ro\/\"},{\"@type\":\"ListItem\",\"position\":2,\"name\":\"Shop\",\"item\":\"https:\/\/klarline.ro\/ro\/shop\/\"},{\"@type\":\"ListItem\",\"position\":3,\"name\":\"Pantaloni lungi din in, cu talie elastic\\u0103\"}]}]}<\/script>\n<!-- \/ Yoast SEO Premium plugin. -->","yoast_head_json":{"title":"Pantaloni lungi din in, cu talie elastic\u0103 - Klarline","robots":{"index":"index","follow":"follow","max-snippet":"max-snippet:-1","max-image-preview":"max-image-preview:large","max-video-preview":"max-video-preview:-1"},"canonical":"https:\/\/klarline.ro\/ro\/shop\/pantaloni-lungi-din-in-cu-talie-elastica\/","og_locale":"ro_RO","og_type":"article","og_title":"Pantaloni lungi din in, cu talie elastic\u0103","og_description":"Descriere: Pantaloni lungi cu croial\u0103 dreapt\u0103 \u0219i cu buzunare laterale tip suedez. Elasticul din talie ofer\u0103 confort maxim purt\u0103toarei. Potrivi\u021bi pentru toate v\u00e2rstele.  Detalii: \u2022 100% in premium \u2022 talie \u00eenalt\u0103 cu elastic \u2022 croial\u0103 dreapt\u0103 \u2022 buzunare laterale tip suedez \u2022 lungime exterioar\u0103 cca. 106 cm \u2022 lungime interioar\u0103 cca. 76 cm \u2022 l\u0103rgimea tivului cca. 56 cm \u2022 modelul din imagine are 176 cm \u00een\u0103ltime si poarta m\u0103sura L  \u00cen vederea unui consum responsabil, lucr\u0103m cu un stoc minim de marf\u0103, astfel de cele mai multe ori realiz\u0103m produsul pe baza comenzii dvs., ceea ce presupune un timp de procesare mai lung dec\u00e2t de obicei. Procesarea \u0219i expedierea comenzii dureaz\u0103 7-14 zile lucr\u0103toare, \u00een func\u021bie de produsul ales. Dac\u0103 ave\u021bi nevoie de articolul selectat mai devreme, v\u0103 rug\u0103m s\u0103 ne contacta\u021bi \u0219i vom \u00eencerca s\u0103 g\u0103sim o solu\u021bie pentru a expedia produsele la timp.","og_url":"https:\/\/klarline.ro\/ro\/shop\/pantaloni-lungi-din-in-cu-talie-elastica\/","og_site_name":"Klarline","article_modified_time":"2022-07-04T20:55:50+00:00","og_image":[{"width":733,"height":1100,"url":"https:\/\/klarline.ro\/wp-content\/uploads\/klarline-product-2-2.jpg","path":"\/home2\/klarline\/public_html\/wp-content\/uploads\/klarline-product-2-2.jpg","size":"full","id":2803,"alt":"","pixels":806300,"type":"image\/jpeg"}],"twitter_card":"summary_large_image","schema":{"@context":"https:\/\/schema.org","@graph":[{"@type":"WebSite","@id":"https:\/\/klarline.ro\/#website","url":"https:\/\/klarline.ro\/","name":"Klarline","description":"","potentialAction":[{"@type":"SearchAction","target":{"@type":"EntryPoint","urlTemplate":"https:\/\/klarline.ro\/?s={search_term_string}"},"query-input":"required name=search_term_string"}],"inLanguage":"ro-RO"},{"@type":"ImageObject","@id":"https:\/\/klarline.ro\/ro\/shop\/pantaloni-lungi-din-in-cu-talie-elastica\/#primaryimage","inLanguage":"ro-RO","url":"https:\/\/klarline.ro\/wp-content\/uploads\/klarline-product-2-2.jpg","contentUrl":"https:\/\/klarline.ro\/wp-content\/uploads\/klarline-product-2-2.jpg","width":733,"height":1100},{"@type":"WebPage","@id":"https:\/\/klarline.ro\/ro\/shop\/pantaloni-lungi-din-in-cu-talie-elastica\/#webpage","url":"https:\/\/klarline.ro\/ro\/shop\/pantaloni-lungi-din-in-cu-talie-elastica\/","name":"Pantaloni lungi din in, cu talie elastic\u0103 - Klarline","isPartOf":{"@id":"https:\/\/klarline.ro\/#website"},"primaryImageOfPage":{"@id":"https:\/\/klarline.ro\/ro\/shop\/pantaloni-lungi-din-in-cu-talie-elastica\/#primaryimage"},"datePublished":"2022-05-14T15:33:43+00:00","dateModified":"2022-07-04T20:55:50+00:00","breadcrumb":{"@id":"https:\/\/klarline.ro\/ro\/shop\/pantaloni-lungi-din-in-cu-talie-elastica\/#breadcrumb"},"inLanguage":"ro-RO","potentialAction":[{"@type":"ReadAction","target":["https:\/\/klarline.ro\/ro\/shop\/pantaloni-lungi-din-in-cu-talie-elastica\/"]}]},{"@type":"BreadcrumbList","@id":"https:\/\/klarline.ro\/ro\/shop\/pantaloni-lungi-din-in-cu-talie-elastica\/#breadcrumb","itemListElement":[{"@type":"ListItem","position":1,"name":"Home","item":"https:\/\/klarline.ro\/ro\/"},{"@type":"ListItem","position":2,"name":"Shop","item":"https:\/\/klarline.ro\/ro\/shop\/"},{"@type":"ListItem","position":3,"name":"Pantaloni lungi din in, cu talie elastic\u0103"}]}]}},"_links":{"self":[{"href":"https:\/\/klarline.ro\/ro\/wp-json\/wp\/v2\/product\/3742","targetHints":{"allow":["GET"]}}],"collection":[{"href":"https:\/\/klarline.ro\/ro\/wp-json\/wp\/v2\/product"}],"about":[{"href":"https:\/\/klarline.ro\/ro\/wp-json\/wp\/v2\/types\/product"}],"replies":[{"embeddable":true,"href":"https:\/\/klarline.ro\/ro\/wp-json\/wp\/v2\/comments?post=3742"}],"version-history":[{"count":2,"href":"https:\/\/klarline.ro\/ro\/wp-json\/wp\/v2\/product\/3742\/revisions"}],"predecessor-version":[{"id":3747,"href":"https:\/\/klarline.ro\/ro\/wp-json\/wp\/v2\/product\/3742\/revisions\/3747"}],"wp:featuredmedia":[{"embeddable":true,"href":"https:\/\/klarline.ro\/ro\/wp-json\/wp\/v2\/media\/2803"}],"wp:attachment":[{"href":"https:\/\/klarline.ro\/ro\/wp-json\/wp\/v2\/media?parent=3742"}],"wp:term":[{"taxonomy":"brand","embeddable":true,"href":"https:\/\/klarline.ro\/ro\/wp-json\/wp\/v2\/etheme_brands?post=3742"},{"taxonomy":"product_brand","embeddable":true,"href":"https:\/\/klarline.ro\/ro\/wp-json\/wp\/v2\/product_brand?post=3742"},{"taxonomy":"product_cat","embeddable":true,"href":"https:\/\/klarline.ro\/ro\/wp-json\/wp\/v2\/product_cat?post=3742"},{"taxonomy":"product_tag","embeddable":true,"href":"https:\/\/klarline.ro\/ro\/wp-json\/wp\/v2\/product_tag?post=3742"}],"curies":[{"name":"wp","href":"https:\/\/api.w.org\/{rel}","templated":true}]}}