{"id":3733,"date":"2022-04-21T09:54:37","date_gmt":"2022-04-21T09:54:37","guid":{"rendered":"https:\/\/klarline.ro\/shop\/rochie-camasa-din-in-cu-nasturi-in-fata\/"},"modified":"2022-07-04T20:51:07","modified_gmt":"2022-07-04T20:51:07","slug":"rochie-camasa-din-in-cu-nasturi-in-fata","status":"publish","type":"product","link":"https:\/\/klarline.ro\/ro\/shop\/rochie-camasa-din-in-cu-nasturi-in-fata\/","title":{"rendered":"Rochie-c\u0103ma\u0219\u0103 din in cu nasturi \u00een fa\u021b\u0103"},"content":{"rendered":"","protected":false},"excerpt":{"rendered":"<p><strong>Descriere:<\/strong><br \/>\nRochie cu nasturi \u00een fa\u021b\u0103, cu decolteu \u00een V. Elasticul fin din talie \u0219i cordonul ofer\u0103 confort la purtare. Fusta este u\u0219or evazat\u0103. M\u0103neca trei sferturi este accentuat\u0103 de o fant\u0103 \u0219i un nasture. Model atemporal, feminin.<\/p>\n<p><strong>Detalii:<\/strong><br \/>\n\u2022 100% in premium<br \/>\n\u2022 decolteu V<br \/>\n\u2022 m\u00e2nec\u0103 3\/4<br \/>\n\u2022 nasturi din cocos<br \/>\n\u2022 cordon din material propriu<br \/>\n\u2022 buzunare laterale \u00een cus\u0103tur\u0103<br \/>\n\u2022 lungime fust\u0103 cca. 70 cm<br \/>\n\u2022 lungime m\u0103nec\u0103 cca. 50 cm<br \/>\n\u2022 modelul din imagine are 176 cm \u00een\u0103ltime si poart\u0103 m\u0103sura L<\/p>\n<p>\u00cen vederea unui consum responsabil, lucr\u0103m cu un stoc minim de marf\u0103, astfel de cele mai multe ori realiz\u0103m produsul pe baza comenzii dvs., ceea ce presupune un timp de procesare mai lung dec\u00e2t de obicei. Procesarea \u0219i expedierea comenzii dureaz\u0103 7-14 zile lucr\u0103toare, \u00een func\u021bie de produsul ales. Dac\u0103 ave\u021bi nevoie de articolul selectat mai devreme, v\u0103 rug\u0103m s\u0103 ne contacta\u021bi \u0219i vom \u00eencerca s\u0103 g\u0103sim o solu\u021bie pentru a expedia produsele la timp.<\/p>\n","protected":false},"featured_media":2873,"comment_status":"open","ping_status":"closed","template":"","meta":[],"etheme_brands":[{"term_id":22,"name":"Klarline","slug":"klarline","term_group":0,"term_taxonomy_id":22,"taxonomy":"brand","description":"","parent":0,"count":24,"filter":"raw"}],"product_brand":[],"product_cat":[74],"product_tag":[],"class_list":{"0":"post-3733","1":"product","2":"type-product","3":"status-publish","4":"has-post-thumbnail","6":"brand-klarline","7":"product_cat-rochii","9":"first","10":"instock","11":"shipping-taxable","12":"purchasable","13":"product-type-variable"},"yoast_head":"<!-- This site is optimized with the Yoast SEO Premium plugin v17.2 (Yoast SEO v17.2) - https:\/\/yoast.com\/wordpress\/plugins\/seo\/ -->\n<title>Rochie-c\u0103ma\u0219\u0103 din in cu nasturi \u00een fa\u021b\u0103 - Klarline<\/title>\n<meta name=\"robots\" content=\"index, follow, max-snippet:-1, max-image-preview:large, max-video-preview:-1\" \/>\n<link rel=\"canonical\" href=\"https:\/\/klarline.ro\/ro\/shop\/rochie-camasa-din-in-cu-nasturi-in-fata\/\" \/>\n<meta property=\"og:locale\" content=\"ro_RO\" \/>\n<meta property=\"og:type\" content=\"article\" \/>\n<meta property=\"og:title\" content=\"Rochie-c\u0103ma\u0219\u0103 din in cu nasturi \u00een fa\u021b\u0103\" \/>\n<meta property=\"og:description\" content=\"Descriere: Rochie cu nasturi \u00een fa\u021b\u0103, cu decolteu \u00een V. Elasticul fin din talie \u0219i cordonul ofer\u0103 confort la purtare. Fusta este u\u0219or evazat\u0103. M\u0103neca trei sferturi este accentuat\u0103 de o fant\u0103 \u0219i un nasture. Model atemporal, feminin.  Detalii: \u2022 100% in premium \u2022 decolteu V \u2022 m\u00e2nec\u0103 3\/4 \u2022 nasturi din cocos \u2022 cordon din material propriu \u2022 buzunare laterale \u00een cus\u0103tur\u0103 \u2022 lungime fust\u0103 cca. 70 cm \u2022 lungime m\u0103nec\u0103 cca. 50 cm \u2022 modelul din imagine are 176 cm \u00een\u0103ltime si poart\u0103 m\u0103sura L  \u00cen vederea unui consum responsabil, lucr\u0103m cu un stoc minim de marf\u0103, astfel de cele mai multe ori realiz\u0103m produsul pe baza comenzii dvs., ceea ce presupune un timp de procesare mai lung dec\u00e2t de obicei. Procesarea \u0219i expedierea comenzii dureaz\u0103 7-14 zile lucr\u0103toare, \u00een func\u021bie de produsul ales. Dac\u0103 ave\u021bi nevoie de articolul selectat mai devreme, v\u0103 rug\u0103m s\u0103 ne contacta\u021bi \u0219i vom \u00eencerca s\u0103 g\u0103sim o solu\u021bie pentru a expedia produsele la timp.\" \/>\n<meta property=\"og:url\" content=\"https:\/\/klarline.ro\/ro\/shop\/rochie-camasa-din-in-cu-nasturi-in-fata\/\" \/>\n<meta property=\"og:site_name\" content=\"Klarline\" \/>\n<meta property=\"article:modified_time\" content=\"2022-07-04T20:51:07+00:00\" \/>\n<meta property=\"og:image\" content=\"https:\/\/klarline.ro\/wp-content\/uploads\/klarline-product-4-1.jpg\" \/>\n\t<meta property=\"og:image:width\" content=\"733\" \/>\n\t<meta property=\"og:image:height\" content=\"1100\" \/>\n<meta name=\"twitter:card\" content=\"summary_large_image\" \/>\n<script type=\"application\/ld+json\" class=\"yoast-schema-graph\">{\"@context\":\"https:\/\/schema.org\",\"@graph\":[{\"@type\":\"WebSite\",\"@id\":\"https:\/\/klarline.ro\/#website\",\"url\":\"https:\/\/klarline.ro\/\",\"name\":\"Klarline\",\"description\":\"\",\"potentialAction\":[{\"@type\":\"SearchAction\",\"target\":{\"@type\":\"EntryPoint\",\"urlTemplate\":\"https:\/\/klarline.ro\/?s={search_term_string}\"},\"query-input\":\"required name=search_term_string\"}],\"inLanguage\":\"ro-RO\"},{\"@type\":\"ImageObject\",\"@id\":\"https:\/\/klarline.ro\/ro\/shop\/rochie-camasa-din-in-cu-nasturi-in-fata\/#primaryimage\",\"inLanguage\":\"ro-RO\",\"url\":\"https:\/\/klarline.ro\/wp-content\/uploads\/klarline-product-4-1.jpg\",\"contentUrl\":\"https:\/\/klarline.ro\/wp-content\/uploads\/klarline-product-4-1.jpg\",\"width\":733,\"height\":1100},{\"@type\":\"WebPage\",\"@id\":\"https:\/\/klarline.ro\/ro\/shop\/rochie-camasa-din-in-cu-nasturi-in-fata\/#webpage\",\"url\":\"https:\/\/klarline.ro\/ro\/shop\/rochie-camasa-din-in-cu-nasturi-in-fata\/\",\"name\":\"Rochie-c\\u0103ma\\u0219\\u0103 din in cu nasturi \\u00een fa\\u021b\\u0103 - Klarline\",\"isPartOf\":{\"@id\":\"https:\/\/klarline.ro\/#website\"},\"primaryImageOfPage\":{\"@id\":\"https:\/\/klarline.ro\/ro\/shop\/rochie-camasa-din-in-cu-nasturi-in-fata\/#primaryimage\"},\"datePublished\":\"2022-04-21T09:54:37+00:00\",\"dateModified\":\"2022-07-04T20:51:07+00:00\",\"breadcrumb\":{\"@id\":\"https:\/\/klarline.ro\/ro\/shop\/rochie-camasa-din-in-cu-nasturi-in-fata\/#breadcrumb\"},\"inLanguage\":\"ro-RO\",\"potentialAction\":[{\"@type\":\"ReadAction\",\"target\":[\"https:\/\/klarline.ro\/ro\/shop\/rochie-camasa-din-in-cu-nasturi-in-fata\/\"]}]},{\"@type\":\"BreadcrumbList\",\"@id\":\"https:\/\/klarline.ro\/ro\/shop\/rochie-camasa-din-in-cu-nasturi-in-fata\/#breadcrumb\",\"itemListElement\":[{\"@type\":\"ListItem\",\"position\":1,\"name\":\"Home\",\"item\":\"https:\/\/klarline.ro\/ro\/\"},{\"@type\":\"ListItem\",\"position\":2,\"name\":\"Shop\",\"item\":\"https:\/\/klarline.ro\/ro\/shop\/\"},{\"@type\":\"ListItem\",\"position\":3,\"name\":\"Rochie-c\\u0103ma\\u0219\\u0103 din in cu nasturi \\u00een fa\\u021b\\u0103\"}]}]}<\/script>\n<!-- \/ Yoast SEO Premium plugin. -->","yoast_head_json":{"title":"Rochie-c\u0103ma\u0219\u0103 din in cu nasturi \u00een fa\u021b\u0103 - Klarline","robots":{"index":"index","follow":"follow","max-snippet":"max-snippet:-1","max-image-preview":"max-image-preview:large","max-video-preview":"max-video-preview:-1"},"canonical":"https:\/\/klarline.ro\/ro\/shop\/rochie-camasa-din-in-cu-nasturi-in-fata\/","og_locale":"ro_RO","og_type":"article","og_title":"Rochie-c\u0103ma\u0219\u0103 din in cu nasturi \u00een fa\u021b\u0103","og_description":"Descriere: Rochie cu nasturi \u00een fa\u021b\u0103, cu decolteu \u00een V. Elasticul fin din talie \u0219i cordonul ofer\u0103 confort la purtare. Fusta este u\u0219or evazat\u0103. M\u0103neca trei sferturi este accentuat\u0103 de o fant\u0103 \u0219i un nasture. Model atemporal, feminin.  Detalii: \u2022 100% in premium \u2022 decolteu V \u2022 m\u00e2nec\u0103 3\/4 \u2022 nasturi din cocos \u2022 cordon din material propriu \u2022 buzunare laterale \u00een cus\u0103tur\u0103 \u2022 lungime fust\u0103 cca. 70 cm \u2022 lungime m\u0103nec\u0103 cca. 50 cm \u2022 modelul din imagine are 176 cm \u00een\u0103ltime si poart\u0103 m\u0103sura L  \u00cen vederea unui consum responsabil, lucr\u0103m cu un stoc minim de marf\u0103, astfel de cele mai multe ori realiz\u0103m produsul pe baza comenzii dvs., ceea ce presupune un timp de procesare mai lung dec\u00e2t de obicei. Procesarea \u0219i expedierea comenzii dureaz\u0103 7-14 zile lucr\u0103toare, \u00een func\u021bie de produsul ales. Dac\u0103 ave\u021bi nevoie de articolul selectat mai devreme, v\u0103 rug\u0103m s\u0103 ne contacta\u021bi \u0219i vom \u00eencerca s\u0103 g\u0103sim o solu\u021bie pentru a expedia produsele la timp.","og_url":"https:\/\/klarline.ro\/ro\/shop\/rochie-camasa-din-in-cu-nasturi-in-fata\/","og_site_name":"Klarline","article_modified_time":"2022-07-04T20:51:07+00:00","og_image":[{"width":733,"height":1100,"url":"https:\/\/klarline.ro\/wp-content\/uploads\/klarline-product-4-1.jpg","path":"\/home2\/klarline\/public_html\/wp-content\/uploads\/klarline-product-4-1.jpg","size":"full","id":2873,"alt":"","pixels":806300,"type":"image\/jpeg"}],"twitter_card":"summary_large_image","schema":{"@context":"https:\/\/schema.org","@graph":[{"@type":"WebSite","@id":"https:\/\/klarline.ro\/#website","url":"https:\/\/klarline.ro\/","name":"Klarline","description":"","potentialAction":[{"@type":"SearchAction","target":{"@type":"EntryPoint","urlTemplate":"https:\/\/klarline.ro\/?s={search_term_string}"},"query-input":"required name=search_term_string"}],"inLanguage":"ro-RO"},{"@type":"ImageObject","@id":"https:\/\/klarline.ro\/ro\/shop\/rochie-camasa-din-in-cu-nasturi-in-fata\/#primaryimage","inLanguage":"ro-RO","url":"https:\/\/klarline.ro\/wp-content\/uploads\/klarline-product-4-1.jpg","contentUrl":"https:\/\/klarline.ro\/wp-content\/uploads\/klarline-product-4-1.jpg","width":733,"height":1100},{"@type":"WebPage","@id":"https:\/\/klarline.ro\/ro\/shop\/rochie-camasa-din-in-cu-nasturi-in-fata\/#webpage","url":"https:\/\/klarline.ro\/ro\/shop\/rochie-camasa-din-in-cu-nasturi-in-fata\/","name":"Rochie-c\u0103ma\u0219\u0103 din in cu nasturi \u00een fa\u021b\u0103 - Klarline","isPartOf":{"@id":"https:\/\/klarline.ro\/#website"},"primaryImageOfPage":{"@id":"https:\/\/klarline.ro\/ro\/shop\/rochie-camasa-din-in-cu-nasturi-in-fata\/#primaryimage"},"datePublished":"2022-04-21T09:54:37+00:00","dateModified":"2022-07-04T20:51:07+00:00","breadcrumb":{"@id":"https:\/\/klarline.ro\/ro\/shop\/rochie-camasa-din-in-cu-nasturi-in-fata\/#breadcrumb"},"inLanguage":"ro-RO","potentialAction":[{"@type":"ReadAction","target":["https:\/\/klarline.ro\/ro\/shop\/rochie-camasa-din-in-cu-nasturi-in-fata\/"]}]},{"@type":"BreadcrumbList","@id":"https:\/\/klarline.ro\/ro\/shop\/rochie-camasa-din-in-cu-nasturi-in-fata\/#breadcrumb","itemListElement":[{"@type":"ListItem","position":1,"name":"Home","item":"https:\/\/klarline.ro\/ro\/"},{"@type":"ListItem","position":2,"name":"Shop","item":"https:\/\/klarline.ro\/ro\/shop\/"},{"@type":"ListItem","position":3,"name":"Rochie-c\u0103ma\u0219\u0103 din in cu nasturi \u00een fa\u021b\u0103"}]}]}},"_links":{"self":[{"href":"https:\/\/klarline.ro\/ro\/wp-json\/wp\/v2\/product\/3733","targetHints":{"allow":["GET"]}}],"collection":[{"href":"https:\/\/klarline.ro\/ro\/wp-json\/wp\/v2\/product"}],"about":[{"href":"https:\/\/klarline.ro\/ro\/wp-json\/wp\/v2\/types\/product"}],"replies":[{"embeddable":true,"href":"https:\/\/klarline.ro\/ro\/wp-json\/wp\/v2\/comments?post=3733"}],"version-history":[{"count":1,"href":"https:\/\/klarline.ro\/ro\/wp-json\/wp\/v2\/product\/3733\/revisions"}],"predecessor-version":[{"id":3735,"href":"https:\/\/klarline.ro\/ro\/wp-json\/wp\/v2\/product\/3733\/revisions\/3735"}],"wp:featuredmedia":[{"embeddable":true,"href":"https:\/\/klarline.ro\/ro\/wp-json\/wp\/v2\/media\/2873"}],"wp:attachment":[{"href":"https:\/\/klarline.ro\/ro\/wp-json\/wp\/v2\/media?parent=3733"}],"wp:term":[{"taxonomy":"brand","embeddable":true,"href":"https:\/\/klarline.ro\/ro\/wp-json\/wp\/v2\/etheme_brands?post=3733"},{"taxonomy":"product_brand","embeddable":true,"href":"https:\/\/klarline.ro\/ro\/wp-json\/wp\/v2\/product_brand?post=3733"},{"taxonomy":"product_cat","embeddable":true,"href":"https:\/\/klarline.ro\/ro\/wp-json\/wp\/v2\/product_cat?post=3733"},{"taxonomy":"product_tag","embeddable":true,"href":"https:\/\/klarline.ro\/ro\/wp-json\/wp\/v2\/product_tag?post=3733"}],"curies":[{"name":"wp","href":"https:\/\/api.w.org\/{rel}","templated":true}]}}