{"id":3697,"date":"2021-10-13T08:08:38","date_gmt":"2021-10-13T08:08:38","guid":{"rendered":"https:\/\/klarline.ro\/shop\/bluza-petrecuta-din-in\/"},"modified":"2022-07-04T19:24:07","modified_gmt":"2022-07-04T19:24:07","slug":"bluza-petrecuta-din-in","status":"publish","type":"product","link":"https:\/\/klarline.ro\/ro\/shop\/bluza-petrecuta-din-in\/","title":{"rendered":"Bluz\u0103 petrecut\u0103 din in"},"content":{"rendered":"","protected":false},"excerpt":{"rendered":"<p><strong>Descriere:<\/strong><br \/>\nBluz\u0103 petrecut\u0103 cu umerii c\u0103zu\u021bi \u0219i cu un sistem de \u00eenchidere cu cordon \u00eentr-o parte, este o alegere potrivit\u0103 pentru zilele c\u0103lduroase. Designul simplu \u0219i comod, permite purtarea bluzei cu orice tip de fust\u0103 sau pantaloni.<\/p>\n<p><strong>Detalii:<\/strong><br \/>\n\u2022 100 % in premium<br \/>\n\u2022 umerii c\u0103zu\u021bi<br \/>\n\u2022 sistem de \u00eenchidere cu cordon \u00eentr-o parte<br \/>\n\u2022 lungime spate cca. 50 cm<br \/>\n\u2022 modelul din imagine are 173 cm \u00een\u0103l\u021bime \u0219i poart\u0103 m\u0103sura M<\/p>\n<p>\u00cen vederea unui consum responsabil, lucr\u0103m cu un stoc minim de marf\u0103, astfel de cele mai multe ori realiz\u0103m produsul pe baza comenzii dvs., ceea ce presupune un timp de procesare mai lung dec\u00e2t de obicei. Procesarea \u0219i expedierea comenzii dureaz\u0103 7-14 zile lucr\u0103toare, \u00een func\u021bie de produsul ales. Dac\u0103 ave\u021bi nevoie de articolul selectat mai devreme, v\u0103 rug\u0103m s\u0103 ne contacta\u021bi \u0219i vom \u00eencerca s\u0103 g\u0103sim o solu\u021bie pentru a expedia produsele la timp.<\/p>\n","protected":false},"featured_media":2794,"comment_status":"open","ping_status":"closed","template":"","meta":[],"etheme_brands":[{"term_id":22,"name":"Klarline","slug":"klarline","term_group":0,"term_taxonomy_id":22,"taxonomy":"brand","description":"","parent":0,"count":24,"filter":"raw"}],"product_brand":[],"product_cat":[73],"product_tag":[],"class_list":{"0":"post-3697","1":"product","2":"type-product","3":"status-publish","4":"has-post-thumbnail","6":"brand-klarline","7":"product_cat-bluze","9":"first","10":"instock","11":"shipping-taxable","12":"purchasable","13":"product-type-variable"},"yoast_head":"<!-- This site is optimized with the Yoast SEO Premium plugin v17.2 (Yoast SEO v17.2) - https:\/\/yoast.com\/wordpress\/plugins\/seo\/ -->\n<title>Bluz\u0103 petrecut\u0103 din in<\/title>\n<meta name=\"description\" content=\"Bluz\u0103 petrecut\u0103 cu umerii c\u0103zu\u021bi \u0219i cu un sistem de \u00eenchidere cu cordon \u00eentr-o parte, este o alegere potrivit\u0103 pentru zilele c\u0103lduroase. Designul simplu \u0219i comod, permite purtarea bluzei cu orice tip de fust\u0103 sau pantaloni.\" \/>\n<meta name=\"robots\" content=\"index, follow, max-snippet:-1, max-image-preview:large, max-video-preview:-1\" \/>\n<link rel=\"canonical\" href=\"https:\/\/klarline.ro\/ro\/shop\/bluza-petrecuta-din-in\/\" \/>\n<meta property=\"og:locale\" content=\"ro_RO\" \/>\n<meta property=\"og:type\" content=\"article\" \/>\n<meta property=\"og:title\" content=\"Bluz\u0103 petrecut\u0103 din in\" \/>\n<meta property=\"og:description\" content=\"Bluz\u0103 petrecut\u0103 cu umerii c\u0103zu\u021bi \u0219i cu un sistem de \u00eenchidere cu cordon \u00eentr-o parte, este o alegere potrivit\u0103 pentru zilele c\u0103lduroase. Designul simplu \u0219i comod, permite purtarea bluzei cu orice tip de fust\u0103 sau pantaloni.\" \/>\n<meta property=\"og:url\" content=\"https:\/\/klarline.ro\/ro\/shop\/bluza-petrecuta-din-in\/\" \/>\n<meta property=\"og:site_name\" content=\"Klarline\" \/>\n<meta property=\"article:modified_time\" content=\"2022-07-04T19:24:07+00:00\" \/>\n<meta property=\"og:image\" content=\"https:\/\/klarline.ro\/wp-content\/uploads\/klarline-product-9.jpg\" \/>\n\t<meta property=\"og:image:width\" content=\"733\" \/>\n\t<meta property=\"og:image:height\" content=\"1100\" \/>\n<meta name=\"twitter:card\" content=\"summary_large_image\" \/>\n<script type=\"application\/ld+json\" class=\"yoast-schema-graph\">{\"@context\":\"https:\/\/schema.org\",\"@graph\":[{\"@type\":\"WebSite\",\"@id\":\"https:\/\/klarline.ro\/#website\",\"url\":\"https:\/\/klarline.ro\/\",\"name\":\"Klarline\",\"description\":\"\",\"potentialAction\":[{\"@type\":\"SearchAction\",\"target\":{\"@type\":\"EntryPoint\",\"urlTemplate\":\"https:\/\/klarline.ro\/?s={search_term_string}\"},\"query-input\":\"required name=search_term_string\"}],\"inLanguage\":\"ro-RO\"},{\"@type\":\"ImageObject\",\"@id\":\"https:\/\/klarline.ro\/ro\/shop\/bluza-petrecuta-din-in\/#primaryimage\",\"inLanguage\":\"ro-RO\",\"url\":\"https:\/\/klarline.ro\/wp-content\/uploads\/klarline-product-9.jpg\",\"contentUrl\":\"https:\/\/klarline.ro\/wp-content\/uploads\/klarline-product-9.jpg\",\"width\":733,\"height\":1100},{\"@type\":\"WebPage\",\"@id\":\"https:\/\/klarline.ro\/ro\/shop\/bluza-petrecuta-din-in\/#webpage\",\"url\":\"https:\/\/klarline.ro\/ro\/shop\/bluza-petrecuta-din-in\/\",\"name\":\"Bluz\\u0103 petrecut\\u0103 din in\",\"isPartOf\":{\"@id\":\"https:\/\/klarline.ro\/#website\"},\"primaryImageOfPage\":{\"@id\":\"https:\/\/klarline.ro\/ro\/shop\/bluza-petrecuta-din-in\/#primaryimage\"},\"datePublished\":\"2021-10-13T08:08:38+00:00\",\"dateModified\":\"2022-07-04T19:24:07+00:00\",\"description\":\"Bluz\\u0103 petrecut\\u0103 cu umerii c\\u0103zu\\u021bi \\u0219i cu un sistem de \\u00eenchidere cu cordon \\u00eentr-o parte, este o alegere potrivit\\u0103 pentru zilele c\\u0103lduroase. Designul simplu \\u0219i comod, permite purtarea bluzei cu orice tip de fust\\u0103 sau pantaloni.\",\"breadcrumb\":{\"@id\":\"https:\/\/klarline.ro\/ro\/shop\/bluza-petrecuta-din-in\/#breadcrumb\"},\"inLanguage\":\"ro-RO\",\"potentialAction\":[{\"@type\":\"ReadAction\",\"target\":[\"https:\/\/klarline.ro\/ro\/shop\/bluza-petrecuta-din-in\/\"]}]},{\"@type\":\"BreadcrumbList\",\"@id\":\"https:\/\/klarline.ro\/ro\/shop\/bluza-petrecuta-din-in\/#breadcrumb\",\"itemListElement\":[{\"@type\":\"ListItem\",\"position\":1,\"name\":\"Home\",\"item\":\"https:\/\/klarline.ro\/ro\/\"},{\"@type\":\"ListItem\",\"position\":2,\"name\":\"Shop\",\"item\":\"https:\/\/klarline.ro\/ro\/shop\/\"},{\"@type\":\"ListItem\",\"position\":3,\"name\":\"Bluz\\u0103 petrecut\\u0103 din in\"}]}]}<\/script>\n<!-- \/ Yoast SEO Premium plugin. -->","yoast_head_json":{"title":"Bluz\u0103 petrecut\u0103 din in","description":"Bluz\u0103 petrecut\u0103 cu umerii c\u0103zu\u021bi \u0219i cu un sistem de \u00eenchidere cu cordon \u00eentr-o parte, este o alegere potrivit\u0103 pentru zilele c\u0103lduroase. Designul simplu \u0219i comod, permite purtarea bluzei cu orice tip de fust\u0103 sau pantaloni.","robots":{"index":"index","follow":"follow","max-snippet":"max-snippet:-1","max-image-preview":"max-image-preview:large","max-video-preview":"max-video-preview:-1"},"canonical":"https:\/\/klarline.ro\/ro\/shop\/bluza-petrecuta-din-in\/","og_locale":"ro_RO","og_type":"article","og_title":"Bluz\u0103 petrecut\u0103 din in","og_description":"Bluz\u0103 petrecut\u0103 cu umerii c\u0103zu\u021bi \u0219i cu un sistem de \u00eenchidere cu cordon \u00eentr-o parte, este o alegere potrivit\u0103 pentru zilele c\u0103lduroase. Designul simplu \u0219i comod, permite purtarea bluzei cu orice tip de fust\u0103 sau pantaloni.","og_url":"https:\/\/klarline.ro\/ro\/shop\/bluza-petrecuta-din-in\/","og_site_name":"Klarline","article_modified_time":"2022-07-04T19:24:07+00:00","og_image":[{"width":733,"height":1100,"url":"https:\/\/klarline.ro\/wp-content\/uploads\/klarline-product-9.jpg","path":"\/home2\/klarline\/public_html\/wp-content\/uploads\/klarline-product-9.jpg","size":"full","id":2794,"alt":"","pixels":806300,"type":"image\/jpeg"}],"twitter_card":"summary_large_image","schema":{"@context":"https:\/\/schema.org","@graph":[{"@type":"WebSite","@id":"https:\/\/klarline.ro\/#website","url":"https:\/\/klarline.ro\/","name":"Klarline","description":"","potentialAction":[{"@type":"SearchAction","target":{"@type":"EntryPoint","urlTemplate":"https:\/\/klarline.ro\/?s={search_term_string}"},"query-input":"required name=search_term_string"}],"inLanguage":"ro-RO"},{"@type":"ImageObject","@id":"https:\/\/klarline.ro\/ro\/shop\/bluza-petrecuta-din-in\/#primaryimage","inLanguage":"ro-RO","url":"https:\/\/klarline.ro\/wp-content\/uploads\/klarline-product-9.jpg","contentUrl":"https:\/\/klarline.ro\/wp-content\/uploads\/klarline-product-9.jpg","width":733,"height":1100},{"@type":"WebPage","@id":"https:\/\/klarline.ro\/ro\/shop\/bluza-petrecuta-din-in\/#webpage","url":"https:\/\/klarline.ro\/ro\/shop\/bluza-petrecuta-din-in\/","name":"Bluz\u0103 petrecut\u0103 din in","isPartOf":{"@id":"https:\/\/klarline.ro\/#website"},"primaryImageOfPage":{"@id":"https:\/\/klarline.ro\/ro\/shop\/bluza-petrecuta-din-in\/#primaryimage"},"datePublished":"2021-10-13T08:08:38+00:00","dateModified":"2022-07-04T19:24:07+00:00","description":"Bluz\u0103 petrecut\u0103 cu umerii c\u0103zu\u021bi \u0219i cu un sistem de \u00eenchidere cu cordon \u00eentr-o parte, este o alegere potrivit\u0103 pentru zilele c\u0103lduroase. Designul simplu \u0219i comod, permite purtarea bluzei cu orice tip de fust\u0103 sau pantaloni.","breadcrumb":{"@id":"https:\/\/klarline.ro\/ro\/shop\/bluza-petrecuta-din-in\/#breadcrumb"},"inLanguage":"ro-RO","potentialAction":[{"@type":"ReadAction","target":["https:\/\/klarline.ro\/ro\/shop\/bluza-petrecuta-din-in\/"]}]},{"@type":"BreadcrumbList","@id":"https:\/\/klarline.ro\/ro\/shop\/bluza-petrecuta-din-in\/#breadcrumb","itemListElement":[{"@type":"ListItem","position":1,"name":"Home","item":"https:\/\/klarline.ro\/ro\/"},{"@type":"ListItem","position":2,"name":"Shop","item":"https:\/\/klarline.ro\/ro\/shop\/"},{"@type":"ListItem","position":3,"name":"Bluz\u0103 petrecut\u0103 din in"}]}]}},"_links":{"self":[{"href":"https:\/\/klarline.ro\/ro\/wp-json\/wp\/v2\/product\/3697","targetHints":{"allow":["GET"]}}],"collection":[{"href":"https:\/\/klarline.ro\/ro\/wp-json\/wp\/v2\/product"}],"about":[{"href":"https:\/\/klarline.ro\/ro\/wp-json\/wp\/v2\/types\/product"}],"replies":[{"embeddable":true,"href":"https:\/\/klarline.ro\/ro\/wp-json\/wp\/v2\/comments?post=3697"}],"version-history":[{"count":1,"href":"https:\/\/klarline.ro\/ro\/wp-json\/wp\/v2\/product\/3697\/revisions"}],"predecessor-version":[{"id":3699,"href":"https:\/\/klarline.ro\/ro\/wp-json\/wp\/v2\/product\/3697\/revisions\/3699"}],"wp:featuredmedia":[{"embeddable":true,"href":"https:\/\/klarline.ro\/ro\/wp-json\/wp\/v2\/media\/2794"}],"wp:attachment":[{"href":"https:\/\/klarline.ro\/ro\/wp-json\/wp\/v2\/media?parent=3697"}],"wp:term":[{"taxonomy":"brand","embeddable":true,"href":"https:\/\/klarline.ro\/ro\/wp-json\/wp\/v2\/etheme_brands?post=3697"},{"taxonomy":"product_brand","embeddable":true,"href":"https:\/\/klarline.ro\/ro\/wp-json\/wp\/v2\/product_brand?post=3697"},{"taxonomy":"product_cat","embeddable":true,"href":"https:\/\/klarline.ro\/ro\/wp-json\/wp\/v2\/product_cat?post=3697"},{"taxonomy":"product_tag","embeddable":true,"href":"https:\/\/klarline.ro\/ro\/wp-json\/wp\/v2\/product_tag?post=3697"}],"curies":[{"name":"wp","href":"https:\/\/api.w.org\/{rel}","templated":true}]}}