{"id":3654,"date":"2022-04-22T09:11:38","date_gmt":"2022-04-22T09:11:38","guid":{"rendered":"https:\/\/klarline.ro\/cookie\/"},"modified":"2022-07-04T08:11:23","modified_gmt":"2022-07-04T08:11:23","slug":"cookie-uri","status":"publish","type":"page","link":"https:\/\/klarline.ro\/ro\/cookie-uri\/","title":{"rendered":"Cookie-uri"},"content":{"rendered":"\t\t<div data-elementor-type=\"wp-page\" data-elementor-id=\"3654\" class=\"elementor elementor-3654 elementor-3087\">\n\t\t\t\t\t\t\t\t\t<section class=\"elementor-section elementor-top-section elementor-element elementor-element-d4ce856 elementor-section-content-middle elementor-section-boxed elementor-section-height-default elementor-section-height-default\" data-id=\"d4ce856\" data-element_type=\"section\">\n\t\t\t\t\t\t<div class=\"elementor-container elementor-column-gap-no\">\n\t\t\t\t\t<div class=\"elementor-column elementor-col-100 elementor-top-column elementor-element elementor-element-f35f585\" data-id=\"f35f585\" data-element_type=\"column\">\n\t\t\t<div class=\"elementor-widget-wrap elementor-element-populated\">\n\t\t\t\t\t\t\t\t<div class=\"elementor-element elementor-element-868fd17 elementor-widget elementor-widget-etheme_animated_headline\" data-id=\"868fd17\" data-element_type=\"widget\" data-settings=\"{&quot;shape&quot;:&quot;underline&quot;,&quot;text_style&quot;:&quot;highlight&quot;,&quot;loop&quot;:&quot;yes&quot;,&quot;duration&quot;:{&quot;unit&quot;:&quot;px&quot;,&quot;size&quot;:&quot;&quot;,&quot;sizes&quot;:[]}}\" data-widget_type=\"etheme_animated_headline.default\">\n\t\t\t\t<div class=\"elementor-widget-container\">\n\t\t\t        \r\n        <div class=\"etheme-headline-wrapper\">\r\n            <h2 class=\"etheme-headline\" data-style=\"highlight\">\r\n\t\t                                <span class=\"etheme-headline-text-before\">\r\n\t                        Cookie-uri                        <\/span>\r\n                                    <span class=\"etheme-headline-text-wrapper\">\r\n                \r\n\t\t        <svg xmlns=\"http:\/\/www.w3.org\/2000\/svg\" viewBox=\"0 0 500 150\" preserveAspectRatio=\"none\"><path d=\"M3.5 145.883C147.207 138.384 327.838 123.383 493.5 145.883\"><\/path><\/svg>                \r\n                <\/span>\r\n                            <\/h2>\r\n        <\/div>\r\n        \r\n\t\t\t\t<\/div>\n\t\t\t\t<\/div>\n\t\t\t\t<div class=\"elementor-element elementor-element-e1c0f7b elementor-widget elementor-widget-text-editor\" data-id=\"e1c0f7b\" data-element_type=\"widget\" data-widget_type=\"text-editor.default\">\n\t\t\t\t<div class=\"elementor-widget-container\">\n\t\t\t<style>\/*! elementor - v3.6.7 - 03-07-2022 *\/\n.elementor-widget-text-editor.elementor-drop-cap-view-stacked .elementor-drop-cap{background-color:#818a91;color:#fff}.elementor-widget-text-editor.elementor-drop-cap-view-framed .elementor-drop-cap{color:#818a91;border:3px solid;background-color:transparent}.elementor-widget-text-editor:not(.elementor-drop-cap-view-default) .elementor-drop-cap{margin-top:8px}.elementor-widget-text-editor:not(.elementor-drop-cap-view-default) .elementor-drop-cap-letter{width:1em;height:1em}.elementor-widget-text-editor .elementor-drop-cap{float:left;text-align:center;line-height:1;font-size:50px}.elementor-widget-text-editor .elementor-drop-cap-letter{display:inline-block}<\/style>\t\t\t\t<p style=\"text-align: justify;\">Aceast\u0103 politic\u0103 se refer\u0103 la cookie-urile \u0219i la tehnologiile similare folosite, dup\u0103 caz, \u00een websiteul operate de <strong>Klarline<\/strong>.<br \/><strong>Cookie-urile sunt folosite pentru urm\u0103toarele scopuri:<\/strong><br \/>\u2022 de func\u021bionare a site-ului<br \/>\u2022 de analiz\u0103 a comportamentului vizitatorilor site-ului<br \/>\u2022 pentru publicitate.<\/p><p style=\"text-align: justify;\">Protec\u021bia corespunz\u0103toare a datelor cu caracter personal este un obiectiv important pentru Klarline. Dorin\u021ba noastr\u0103 este s\u0103 fim c\u00e2t mai clari \u0219i transparen\u021bi cu privire la abordarea Klarline \u00een materie.<\/p><p style=\"text-align: justify;\"><strong>Ce sunt cookie-urile?<\/strong><br \/>Cookie-ul este un fi\u0219ier de mici dimensiuni, format din litere \u0219i numere, care va fi stocat pe computerul, terminalul mobil sau alte echipamente ale unui utilizator de pe care se acceseaz\u0103 internetul. Cookie-ul este instalat prin solicitarea emis\u0103 de c\u0103tre terminalul utilizatorului c\u0103tre un server Klarline sau c\u0103tre un server al unei ter\u021be p\u0103r\u021bi.<\/p><p style=\"text-align: justify;\"><strong>Ce cookie-uri folosim?<\/strong><br \/>Folosim dou\u0103 tipuri de cookie-uri: per sesiune \u0219i fixe. Cookie-urile per sesiune sunt fi\u0219iere temporare ce r\u0103m\u00e2n \u00een terminalul utilizatorului p\u00e2n\u0103 la terminarea sesiunii sau \u00eenchiderea aplica\u021biei. Cookie-urile fixe r\u0103m\u00e2n pe terminalul utilizatorului pe o perioad\u0103 determinat\u0103 de parametrii cookie-ului sau p\u00e2n\u0103 sunt \u0219terse manual de utilizator.<\/p><p style=\"text-align: justify;\"><strong>Cum sunt folosite cookie-urile de c\u0103tre acest site?<\/strong><br \/>O vizit\u0103 pe acest site poate plasa urm\u0103toarele tipuri de cookie-uri:<br \/>\u2022 cookie-uri strict necesare pentru func\u021bionarea site-ului<br \/>\u2022 cookie-uri de analiz\u0103<br \/>\u2022 cookie-uri pentru publicitate<br \/><br \/>Cookie-urile \u0219i\/sau tehnologiile similare strict necesare sunt esen\u021biale pentru buna func\u021bionare a site-ului, fiind setate pe dispozitivul dumneavoastr\u0103 la accesarea site-ului sau \u00een urma ac\u021biunilor efectuate \u00een site, dup\u0103 caz. Pute\u021bi seta browser-ul dumneavoastr\u0103 pentru a bloca cookie-urile, \u00eens\u0103 \u00een acest caz anumite sec\u021biuni ale site-ului nu vor func\u021biona corect.<\/p><p style=\"text-align: justify;\"><strong>Con\u021bin cookie-urile sau tehnologiile similare date personale?<\/strong><br \/>Cookie-urile sau tehnologiile similare \u00een sine nu solicit\u0103 informa\u021bii cu caracter personal pentru a putea fi utilizate \u0219i, \u00een multe cazuri, nici nu identific\u0103 personal utilizatorii de internet. Exist\u0103 \u00eens\u0103 situa\u021bii c\u00e2nd datele personale pot fi colectate prin utilizarea cookie-urilor pentru a facilita anumite func\u021bionalit\u0103\u021bi pentru utilizator sau pentru a oferi utilizatorului o experien\u021b\u0103 mai adaptat\u0103 preferin\u021belor sale. Astfel de date sunt criptate \u00eentr-un mod care face imposibil accesul persoanelor neautorizate la ele.<\/p><p style=\"text-align: justify;\"><strong>Blocare cookie-uri<\/strong><br \/>\u00cen cazul \u00een care dori\u021bi sa bloca\u021bi cookie-urile, unele func\u021bionalit\u0103\u021bi ale site\u2011ului vor fi oprite, iar acest lucru poate genera anumite disfunc\u021bionalit\u0103\u021bi sau erori \u00een folosirea site-ului nostru. De exemplu, blocarea cookie-urilor v\u0103 poate \u00eempiedica s\u0103:<br \/>\u2022 cump\u0103ra\u021bi online<br \/>\u2022 v\u0103 autentifica\u021bi \u00een contul dumneavoastr\u0103<br \/><br \/>\u00cen cazul \u00een care e\u0219ti de acord cu aceste limit\u0103ri \u0219i dore\u0219ti s\u0103 blochezi cookie-urile, urmeaz\u0103 instruc\u021biunile de mai jos:<br \/>Cele mai multe browsere sunt setate implicit s\u0103 accepte cookie-uri, dar ave\u021bi posibilitatea s\u0103 modifica\u021bi set\u0103rile pentru a bloca unele sau toate cookie-urile.<br \/>Alege browser-ul t\u0103u din lista de mai jos pentru a afi\u0219a instruc\u021biunile pe care trebuie s\u0103 le parcurge\u021bi dup\u0103 deschiderea browser-ului.<\/p><p style=\"text-align: justify;\"><strong>De ce sunt cookie-urile \u0219i\/sau tehnologiile similare importante pentru Internet?<\/strong><br \/>Cookie-urile \u0219i\/sau tehnologiile similare reprezint\u0103 un punct central al func\u021bion\u0103rii eficiente a Internetului, ajut\u00e2nd la generarea unei experien\u021be de navigare prietenoase \u0219i adaptate preferin\u021belor \u0219i intereselor fiec\u0103rui utilizator. Refuzarea sau dezactivarea cookie-urilor poate face unele site-uri sau p\u0103r\u021bi ale site-urilor imposibil de folosit.<\/p><p style=\"text-align: justify;\"><strong>Securitate \u0219i aspecte legate de confiden\u021bialitate<\/strong><br \/>\u00cen general browserele au integrate set\u0103ri de confiden\u021bialitate care furnizeaz\u0103 diferite niveluri de acceptare a cookie-urilor, perioada de valabilitate \u0219i \u0219tergere automat\u0103 dup\u0103 ce utilizatorul a vizitat un anumit site.<br \/>Alte aspecte de securitate legate de cookie-uri:<br \/>\u2022 Particularizarea set\u0103rilor browserului \u00een ceea ce prive\u0219te cookie-urile pentru a reflecta un nivel confortabil pentru dumneavoastr\u0103 al securit\u0103\u021bii utiliz\u0103rii cookie-urilor.<br \/>\u2022 Dac\u0103 sunte\u021bi singura persoan\u0103 care utilizeaz\u0103 computerul, pute\u021bi seta, dac\u0103 dori\u021bi, termene lungi de expirare pentru stocarea istoricului de navigare \u0219i a datelor personale de acces.<br \/>\u2022 Dac\u0103 \u00eemp\u0103r\u021bi\u021bi accesul la calculator, pute\u021bi lua \u00een considerare setarea browserului pentru a \u0219terge datele individuale de navigare de fiecare dat\u0103 c\u00e2nd \u00eenchide\u021bi browserul.<br \/>Aceasta este o variant\u0103 de a accesa site-urile care plaseaz\u0103 cookie-uri \u0219i de a \u0219terge orice informa\u021bie de vizitare la \u00eenchiderea sesiunii de navigare.<\/p>\t\t\t\t\t\t<\/div>\n\t\t\t\t<\/div>\n\t\t\t\t\t<\/div>\n\t\t<\/div>\n\t\t\t\t\t\t\t<\/div>\n\t\t<\/section>\n\t\t\t\t\t\t\t<\/div>\n\t\t","protected":false},"excerpt":{"rendered":"<p>Cookie-uri Aceast\u0103 politic\u0103 se refer\u0103 la cookie-urile \u0219i la tehnologiile similare folosite, dup\u0103 caz, \u00een&#8230;<\/p>\n","protected":false},"author":1,"featured_media":0,"parent":0,"menu_order":0,"comment_status":"closed","ping_status":"closed","template":"","meta":{"footnotes":""},"class_list":["post-3654","page","type-page","status-publish","hentry"],"yoast_head":"<!-- This site is optimized with the Yoast SEO Premium plugin v17.2 (Yoast SEO v17.2) - https:\/\/yoast.com\/wordpress\/plugins\/seo\/ -->\n<title>Cookie-uri - \u00eembr\u0103c\u0103minte simpl\u0103 confortabil\u0103 \u0219i durabil\u0103 din materiale naturale<\/title>\n<meta name=\"description\" content=\"KLARLINE este o colec\u021bie simpl\u0103, comod\u0103 \u0219i sustenabil\u0103, care este realizat\u0103 exclusiv din materiale naturale\" \/>\n<meta name=\"robots\" content=\"index, follow, max-snippet:-1, max-image-preview:large, max-video-preview:-1\" \/>\n<link rel=\"canonical\" href=\"https:\/\/klarline.ro\/ro\/cookie-uri\/\" \/>\n<meta property=\"og:locale\" content=\"ro_RO\" \/>\n<meta property=\"og:type\" content=\"article\" \/>\n<meta property=\"og:title\" content=\"Cookie-uri\" \/>\n<meta property=\"og:description\" content=\"KLARLINE este o colec\u021bie simpl\u0103, comod\u0103 \u0219i sustenabil\u0103, care este realizat\u0103 exclusiv din materiale naturale\" \/>\n<meta property=\"og:url\" content=\"https:\/\/klarline.ro\/ro\/cookie-uri\/\" \/>\n<meta property=\"og:site_name\" content=\"Klarline\" \/>\n<meta property=\"article:modified_time\" content=\"2022-07-04T08:11:23+00:00\" \/>\n<meta name=\"twitter:card\" content=\"summary_large_image\" \/>\n<meta name=\"twitter:label1\" content=\"Timp estimat pentru citire\" \/>\n\t<meta name=\"twitter:data1\" content=\"3 minute\" \/>\n<script type=\"application\/ld+json\" class=\"yoast-schema-graph\">{\"@context\":\"https:\/\/schema.org\",\"@graph\":[{\"@type\":\"WebSite\",\"@id\":\"https:\/\/klarline.ro\/#website\",\"url\":\"https:\/\/klarline.ro\/\",\"name\":\"Klarline\",\"description\":\"\",\"potentialAction\":[{\"@type\":\"SearchAction\",\"target\":{\"@type\":\"EntryPoint\",\"urlTemplate\":\"https:\/\/klarline.ro\/?s={search_term_string}\"},\"query-input\":\"required name=search_term_string\"}],\"inLanguage\":\"ro-RO\"},{\"@type\":\"WebPage\",\"@id\":\"https:\/\/klarline.ro\/ro\/cookie-uri\/#webpage\",\"url\":\"https:\/\/klarline.ro\/ro\/cookie-uri\/\",\"name\":\"Cookie-uri - \\u00eembr\\u0103c\\u0103minte simpl\\u0103 confortabil\\u0103 \\u0219i durabil\\u0103 din materiale naturale\",\"isPartOf\":{\"@id\":\"https:\/\/klarline.ro\/#website\"},\"datePublished\":\"2022-04-22T09:11:38+00:00\",\"dateModified\":\"2022-07-04T08:11:23+00:00\",\"description\":\"KLARLINE este o colec\\u021bie simpl\\u0103, comod\\u0103 \\u0219i sustenabil\\u0103, care este realizat\\u0103 exclusiv din materiale naturale\",\"breadcrumb\":{\"@id\":\"https:\/\/klarline.ro\/ro\/cookie-uri\/#breadcrumb\"},\"inLanguage\":\"ro-RO\",\"potentialAction\":[{\"@type\":\"ReadAction\",\"target\":[\"https:\/\/klarline.ro\/ro\/cookie-uri\/\"]}]},{\"@type\":\"BreadcrumbList\",\"@id\":\"https:\/\/klarline.ro\/ro\/cookie-uri\/#breadcrumb\",\"itemListElement\":[{\"@type\":\"ListItem\",\"position\":1,\"name\":\"Home\",\"item\":\"https:\/\/klarline.ro\/ro\/\"},{\"@type\":\"ListItem\",\"position\":2,\"name\":\"Cookie-uri\"}]}]}<\/script>\n<!-- \/ Yoast SEO Premium plugin. -->","yoast_head_json":{"title":"Cookie-uri - \u00eembr\u0103c\u0103minte simpl\u0103 confortabil\u0103 \u0219i durabil\u0103 din materiale naturale","description":"KLARLINE este o colec\u021bie simpl\u0103, comod\u0103 \u0219i sustenabil\u0103, care este realizat\u0103 exclusiv din materiale naturale","robots":{"index":"index","follow":"follow","max-snippet":"max-snippet:-1","max-image-preview":"max-image-preview:large","max-video-preview":"max-video-preview:-1"},"canonical":"https:\/\/klarline.ro\/ro\/cookie-uri\/","og_locale":"ro_RO","og_type":"article","og_title":"Cookie-uri","og_description":"KLARLINE este o colec\u021bie simpl\u0103, comod\u0103 \u0219i sustenabil\u0103, care este realizat\u0103 exclusiv din materiale naturale","og_url":"https:\/\/klarline.ro\/ro\/cookie-uri\/","og_site_name":"Klarline","article_modified_time":"2022-07-04T08:11:23+00:00","twitter_card":"summary_large_image","twitter_misc":{"Timp estimat pentru citire":"3 minute"},"schema":{"@context":"https:\/\/schema.org","@graph":[{"@type":"WebSite","@id":"https:\/\/klarline.ro\/#website","url":"https:\/\/klarline.ro\/","name":"Klarline","description":"","potentialAction":[{"@type":"SearchAction","target":{"@type":"EntryPoint","urlTemplate":"https:\/\/klarline.ro\/?s={search_term_string}"},"query-input":"required name=search_term_string"}],"inLanguage":"ro-RO"},{"@type":"WebPage","@id":"https:\/\/klarline.ro\/ro\/cookie-uri\/#webpage","url":"https:\/\/klarline.ro\/ro\/cookie-uri\/","name":"Cookie-uri - \u00eembr\u0103c\u0103minte simpl\u0103 confortabil\u0103 \u0219i durabil\u0103 din materiale naturale","isPartOf":{"@id":"https:\/\/klarline.ro\/#website"},"datePublished":"2022-04-22T09:11:38+00:00","dateModified":"2022-07-04T08:11:23+00:00","description":"KLARLINE este o colec\u021bie simpl\u0103, comod\u0103 \u0219i sustenabil\u0103, care este realizat\u0103 exclusiv din materiale naturale","breadcrumb":{"@id":"https:\/\/klarline.ro\/ro\/cookie-uri\/#breadcrumb"},"inLanguage":"ro-RO","potentialAction":[{"@type":"ReadAction","target":["https:\/\/klarline.ro\/ro\/cookie-uri\/"]}]},{"@type":"BreadcrumbList","@id":"https:\/\/klarline.ro\/ro\/cookie-uri\/#breadcrumb","itemListElement":[{"@type":"ListItem","position":1,"name":"Home","item":"https:\/\/klarline.ro\/ro\/"},{"@type":"ListItem","position":2,"name":"Cookie-uri"}]}]}},"_links":{"self":[{"href":"https:\/\/klarline.ro\/ro\/wp-json\/wp\/v2\/pages\/3654","targetHints":{"allow":["GET"]}}],"collection":[{"href":"https:\/\/klarline.ro\/ro\/wp-json\/wp\/v2\/pages"}],"about":[{"href":"https:\/\/klarline.ro\/ro\/wp-json\/wp\/v2\/types\/page"}],"author":[{"embeddable":true,"href":"https:\/\/klarline.ro\/ro\/wp-json\/wp\/v2\/users\/1"}],"replies":[{"embeddable":true,"href":"https:\/\/klarline.ro\/ro\/wp-json\/wp\/v2\/comments?post=3654"}],"version-history":[{"count":4,"href":"https:\/\/klarline.ro\/ro\/wp-json\/wp\/v2\/pages\/3654\/revisions"}],"predecessor-version":[{"id":3658,"href":"https:\/\/klarline.ro\/ro\/wp-json\/wp\/v2\/pages\/3654\/revisions\/3658"}],"wp:attachment":[{"href":"https:\/\/klarline.ro\/ro\/wp-json\/wp\/v2\/media?parent=3654"}],"curies":[{"name":"wp","href":"https:\/\/api.w.org\/{rel}","templated":true}]}}