{"id":3644,"date":"2022-05-20T11:06:32","date_gmt":"2022-05-20T11:06:32","guid":{"rendered":"https:\/\/klarline.ro\/garancia-visszakulkdes-csere\/"},"modified":"2022-07-08T11:17:15","modified_gmt":"2022-07-08T11:17:15","slug":"garantie-si-retur","status":"publish","type":"page","link":"https:\/\/klarline.ro\/ro\/garantie-si-retur\/","title":{"rendered":"Garan\u021bie \u0219i retur"},"content":{"rendered":"\t\t<div data-elementor-type=\"wp-page\" data-elementor-id=\"3644\" class=\"elementor elementor-3644 elementor-3397\">\n\t\t\t\t\t\t\t\t\t<section class=\"elementor-section elementor-top-section elementor-element elementor-element-d4ce856 elementor-section-content-middle elementor-section-boxed elementor-section-height-default elementor-section-height-default\" data-id=\"d4ce856\" data-element_type=\"section\">\n\t\t\t\t\t\t<div class=\"elementor-container elementor-column-gap-no\">\n\t\t\t\t\t<div class=\"elementor-column elementor-col-100 elementor-top-column elementor-element elementor-element-f35f585\" data-id=\"f35f585\" data-element_type=\"column\">\n\t\t\t<div class=\"elementor-widget-wrap elementor-element-populated\">\n\t\t\t\t\t\t\t\t<div class=\"elementor-element elementor-element-868fd17 elementor-widget elementor-widget-etheme_animated_headline\" data-id=\"868fd17\" data-element_type=\"widget\" data-settings=\"{&quot;shape&quot;:&quot;underline&quot;,&quot;text_style&quot;:&quot;highlight&quot;,&quot;loop&quot;:&quot;yes&quot;,&quot;duration&quot;:{&quot;unit&quot;:&quot;px&quot;,&quot;size&quot;:&quot;&quot;,&quot;sizes&quot;:[]}}\" data-widget_type=\"etheme_animated_headline.default\">\n\t\t\t\t<div class=\"elementor-widget-container\">\n\t\t\t        \r\n        <div class=\"etheme-headline-wrapper\">\r\n            <h2 class=\"etheme-headline\" data-style=\"highlight\">\r\n\t\t                                <span class=\"etheme-headline-text-before\">\r\n\t                        Garan\u021bie, retur                        <\/span>\r\n                                    <span class=\"etheme-headline-text-wrapper\">\r\n                \r\n\t\t        \u0219i schimb de produs<svg xmlns=\"http:\/\/www.w3.org\/2000\/svg\" viewBox=\"0 0 500 150\" preserveAspectRatio=\"none\"><path d=\"M3.5 145.883C147.207 138.384 327.838 123.383 493.5 145.883\"><\/path><\/svg>                \r\n                <\/span>\r\n                            <\/h2>\r\n        <\/div>\r\n        \r\n\t\t\t\t<\/div>\n\t\t\t\t<\/div>\n\t\t\t\t<div class=\"elementor-element elementor-element-e1c0f7b elementor-widget elementor-widget-text-editor\" data-id=\"e1c0f7b\" data-element_type=\"widget\" data-widget_type=\"text-editor.default\">\n\t\t\t\t<div class=\"elementor-widget-container\">\n\t\t\t<style>\/*! elementor - v3.6.7 - 03-07-2022 *\/\n.elementor-widget-text-editor.elementor-drop-cap-view-stacked .elementor-drop-cap{background-color:#818a91;color:#fff}.elementor-widget-text-editor.elementor-drop-cap-view-framed .elementor-drop-cap{color:#818a91;border:3px solid;background-color:transparent}.elementor-widget-text-editor:not(.elementor-drop-cap-view-default) .elementor-drop-cap{margin-top:8px}.elementor-widget-text-editor:not(.elementor-drop-cap-view-default) .elementor-drop-cap-letter{width:1em;height:1em}.elementor-widget-text-editor .elementor-drop-cap{float:left;text-align:center;line-height:1;font-size:50px}.elementor-widget-text-editor .elementor-drop-cap-letter{display:inline-block}<\/style>\t\t\t\t<p style=\"text-align: justify;\">Dac\u0103 &#8211; din orice motiv &#8211; produsul nu corespunde a\u0219tept\u0103rilor dumneavoastr\u0103, ave\u021bi dreptul de a notifica v\u00e2nz\u0103torul \u00een scris s\u0103 anuleze achizi\u021bia f\u0103r\u0103 a indica vreun motiv \u0219i s\u0103 returna\u021bi produsul (produsele) \u00een termen de 14 zile calendaristice de la primire.<\/p>\n<p style=\"text-align: justify;\">Costul return\u0103rii produselor va fi suportat de dvs. Pute\u021bi rezilia contractul unilateral complet\u00e2nd formularul de mai jos \u0219i return\u00e2ndu-l la adresa info@klarline.ro.<\/p>\n<p style=\"text-align: justify;\">Pentru a accepta returul, produsele trebuie s\u0103 fie \u00een aceea\u0219i stare ca atunci c\u00e2nd v-au fost livrate (nedeteriorate, f\u0103r\u0103 urme de uzur\u0103, cu etichete originale, documente \u00eenso\u021bitoare).<\/p>\n<p style=\"text-align: justify;\">Valoarea produsului returnat va fi rambursat\u0103 \u00een termen de 14 zile lucr\u0103toare prin transfer bancar \u00een contul bancar prev\u0103zut \u00een Formularul de retur.<\/p>\n<p style=\"text-align: justify;\">Pute\u021bi schimba produsul pe care dori\u021bi s\u0103 \u00eel \u00eenlocui\u021bi \u00een termen de 14 zile, pe cheltuiala dvs. de transport. Odat\u0103 ce am realizat noul produs pentru dvs., ne angaj\u0103m sa vi-l trimitem pe costul nostru. Inainte de returnare sau schimb va rugam sa ne contactati prin e-mail pentru detalii!<\/p>\n<p style=\"text-align: justify;\">Produsele pe care le-am produs special la cererea dumneavoastr\u0103 nu pot fi returnate. Nu suntem responsabili pentru nicio daun\u0103 cauzat\u0103 de serviciul de curierat dup\u0103 livrare, toate problemele ap\u0103rute in urma livr\u0103rii sunt responsabilitatea serviciului de curierat.<\/p>\t\t\t\t\t\t<\/div>\n\t\t\t\t<\/div>\n\t\t\t\t<div class=\"elementor-element elementor-element-eed395a elementor-widget elementor-widget-spacer\" data-id=\"eed395a\" data-element_type=\"widget\" data-widget_type=\"spacer.default\">\n\t\t\t\t<div class=\"elementor-widget-container\">\n\t\t\t<style>\/*! elementor - v3.6.7 - 03-07-2022 *\/\n.e-container.e-container--row .elementor-spacer-inner{width:var(--spacer-size)}.e-container.e-container--column .elementor-spacer-inner,.elementor-column .elementor-spacer-inner{height:var(--spacer-size)}<\/style>\t\t<div class=\"elementor-spacer\">\n\t\t\t<div class=\"elementor-spacer-inner\"><\/div>\n\t\t<\/div>\n\t\t\t\t<\/div>\n\t\t\t\t<\/div>\n\t\t\t\t\t<\/div>\n\t\t<\/div>\n\t\t\t\t\t\t\t<\/div>\n\t\t<\/section>\n\t\t\t\t<section class=\"elementor-section elementor-top-section elementor-element elementor-element-9a2c6f5 elementor-section-boxed elementor-section-height-default elementor-section-height-default\" data-id=\"9a2c6f5\" data-element_type=\"section\">\n\t\t\t\t\t\t<div class=\"elementor-container elementor-column-gap-default\">\n\t\t\t\t\t<div class=\"elementor-column elementor-col-100 elementor-top-column elementor-element elementor-element-e8b6836\" data-id=\"e8b6836\" data-element_type=\"column\">\n\t\t\t<div class=\"elementor-widget-wrap elementor-element-populated\">\n\t\t\t\t\t\t\t\t<div class=\"elementor-element elementor-element-620eac1 etheme-contact-form-7-button-custom elementor-widget elementor-widget-et-contact-form-7\" data-id=\"620eac1\" data-element_type=\"widget\" data-widget_type=\"et-contact-form-7.default\">\n\t\t\t\t<div class=\"elementor-widget-container\">\n\t\t\t                <div class=\"pp-contact-form etheme-contact-form-7 placeholder-show\">\r\n                                        \n<div class=\"wpcf7 no-js\" id=\"wpcf7-f3902-o1\" lang=\"en-US\" dir=\"ltr\" data-wpcf7-id=\"3902\">\n<div class=\"screen-reader-response\"><p role=\"status\" aria-live=\"polite\" aria-atomic=\"true\"><\/p> <ul><\/ul><\/div>\n<form action=\"\/ro\/wp-json\/wp\/v2\/pages\/3644#wpcf7-f3902-o1\" method=\"post\" class=\"wpcf7-form init\" aria-label=\"Contact form\" novalidate=\"novalidate\" data-status=\"init\">\n<fieldset class=\"hidden-fields-container\"><input type=\"hidden\" name=\"_wpcf7\" value=\"3902\" \/><input type=\"hidden\" name=\"_wpcf7_version\" value=\"6.1.5\" \/><input type=\"hidden\" name=\"_wpcf7_locale\" value=\"en_US\" \/><input type=\"hidden\" name=\"_wpcf7_unit_tag\" value=\"wpcf7-f3902-o1\" \/><input type=\"hidden\" name=\"_wpcf7_container_post\" value=\"0\" \/><input type=\"hidden\" name=\"_wpcf7_posted_data_hash\" value=\"\" \/>\n<\/fieldset>\n<div class=\"form-group\">\n\t<p><label class=\"required-item\">Nume *<\/label><span class=\"wpcf7-form-control-wrap\" data-name=\"your-name\"><input size=\"40\" maxlength=\"400\" class=\"wpcf7-form-control wpcf7-text wpcf7-validates-as-required\" aria-required=\"true\" aria-invalid=\"false\" value=\"\" type=\"text\" name=\"your-name\" \/><\/span>\n\t<\/p>\n\t<p><label class=\"required-item\">Adresa e-mail *<\/label><span class=\"wpcf7-form-control-wrap\" data-name=\"your-email\"><input size=\"40\" maxlength=\"400\" class=\"wpcf7-form-control wpcf7-email wpcf7-validates-as-required wpcf7-text wpcf7-validates-as-email\" aria-required=\"true\" aria-invalid=\"false\" value=\"\" type=\"email\" name=\"your-email\" \/><\/span>\n\t<\/p>\n<\/div>\n<p><label class=\"required-item\">Subiect* <\/label><span class=\"wpcf7-form-control-wrap\" data-name=\"text-389\"><input size=\"40\" maxlength=\"400\" class=\"wpcf7-form-control wpcf7-text wpcf7-validates-as-required\" aria-required=\"true\" aria-invalid=\"false\" value=\"\" type=\"text\" name=\"text-389\" \/><\/span>\n<\/p>\n<p><label class=\"required-item\">Mesaj<\/label><span class=\"wpcf7-form-control-wrap\" data-name=\"your-message\"><textarea cols=\"40\" rows=\"6\" maxlength=\"2000\" class=\"wpcf7-form-control wpcf7-textarea wpcf7-validates-as-required\" aria-required=\"true\" aria-invalid=\"false\" name=\"your-message\"><\/textarea><\/span>\n<\/p>\n<p><input class=\"wpcf7-form-control wpcf7-submit has-spinner\" type=\"submit\" value=\"Trimite\" \/>\n<\/p><div class=\"wpcf7-response-output\" aria-hidden=\"true\"><\/div>\n<\/form>\n<\/div>\n                <\/div>\r\n                \t\t<\/div>\n\t\t\t\t<\/div>\n\t\t\t\t<div class=\"elementor-element elementor-element-ea06054 elementor-widget elementor-widget-spacer\" data-id=\"ea06054\" data-element_type=\"widget\" data-widget_type=\"spacer.default\">\n\t\t\t\t<div class=\"elementor-widget-container\">\n\t\t\t\t\t<div class=\"elementor-spacer\">\n\t\t\t<div class=\"elementor-spacer-inner\"><\/div>\n\t\t<\/div>\n\t\t\t\t<\/div>\n\t\t\t\t<\/div>\n\t\t\t\t\t<\/div>\n\t\t<\/div>\n\t\t\t\t\t\t\t<\/div>\n\t\t<\/section>\n\t\t\t\t\t\t\t<\/div>\n\t\t","protected":false},"excerpt":{"rendered":"<p>Garan\u021bie, retur \u0219i schimb de produs Dac\u0103 &#8211; din orice motiv &#8211; produsul nu corespunde&#8230;<\/p>\n","protected":false},"author":1,"featured_media":0,"parent":0,"menu_order":0,"comment_status":"closed","ping_status":"closed","template":"","meta":{"footnotes":""},"class_list":["post-3644","page","type-page","status-publish","hentry"],"yoast_head":"<!-- This site is optimized with the Yoast SEO Premium plugin v17.2 (Yoast SEO v17.2) - https:\/\/yoast.com\/wordpress\/plugins\/seo\/ -->\n<title>Garan\u021bie - \u00eembr\u0103c\u0103minte simpl\u0103 confortabil\u0103 \u0219i durabil\u0103 din materiale naturale<\/title>\n<meta name=\"description\" content=\"KLARLINE este o colec\u021bie simpl\u0103, comod\u0103 \u0219i sustenabil\u0103, care este realizat\u0103 exclusiv din materiale naturale\" \/>\n<meta name=\"robots\" content=\"index, follow, max-snippet:-1, max-image-preview:large, max-video-preview:-1\" \/>\n<link rel=\"canonical\" href=\"https:\/\/klarline.ro\/garancia-visszakulkdes-csere\/\" \/>\n<meta property=\"og:locale\" content=\"ro_RO\" \/>\n<meta property=\"og:type\" content=\"article\" \/>\n<meta property=\"og:title\" content=\"Garan\u021bie \u0219i retur\" \/>\n<meta property=\"og:description\" content=\"KLARLINE este o colec\u021bie simpl\u0103, comod\u0103 \u0219i sustenabil\u0103, care este realizat\u0103 exclusiv din materiale naturale\" \/>\n<meta property=\"og:url\" content=\"https:\/\/klarline.ro\/garancia-visszakulkdes-csere\/\" \/>\n<meta property=\"og:site_name\" content=\"Klarline\" \/>\n<meta property=\"article:modified_time\" content=\"2022-07-08T11:17:15+00:00\" \/>\n<meta name=\"twitter:card\" content=\"summary_large_image\" \/>\n<meta name=\"twitter:label1\" content=\"Timp estimat pentru citire\" \/>\n\t<meta name=\"twitter:data1\" content=\"1 minut\" \/>\n<script type=\"application\/ld+json\" class=\"yoast-schema-graph\">{\"@context\":\"https:\/\/schema.org\",\"@graph\":[{\"@type\":\"WebSite\",\"@id\":\"https:\/\/klarline.ro\/#website\",\"url\":\"https:\/\/klarline.ro\/\",\"name\":\"Klarline\",\"description\":\"\",\"potentialAction\":[{\"@type\":\"SearchAction\",\"target\":{\"@type\":\"EntryPoint\",\"urlTemplate\":\"https:\/\/klarline.ro\/?s={search_term_string}\"},\"query-input\":\"required name=search_term_string\"}],\"inLanguage\":\"ro-RO\"},{\"@type\":\"WebPage\",\"@id\":\"https:\/\/klarline.ro\/garancia-visszakulkdes-csere\/#webpage\",\"url\":\"https:\/\/klarline.ro\/garancia-visszakulkdes-csere\/\",\"name\":\"Garan\\u021bie - \\u00eembr\\u0103c\\u0103minte simpl\\u0103 confortabil\\u0103 \\u0219i durabil\\u0103 din materiale naturale\",\"isPartOf\":{\"@id\":\"https:\/\/klarline.ro\/#website\"},\"datePublished\":\"2022-05-20T11:06:32+00:00\",\"dateModified\":\"2022-07-08T11:17:15+00:00\",\"description\":\"KLARLINE este o colec\\u021bie simpl\\u0103, comod\\u0103 \\u0219i sustenabil\\u0103, care este realizat\\u0103 exclusiv din materiale naturale\",\"breadcrumb\":{\"@id\":\"https:\/\/klarline.ro\/garancia-visszakulkdes-csere\/#breadcrumb\"},\"inLanguage\":\"ro-RO\",\"potentialAction\":[{\"@type\":\"ReadAction\",\"target\":[\"https:\/\/klarline.ro\/garancia-visszakulkdes-csere\/\"]}]},{\"@type\":\"BreadcrumbList\",\"@id\":\"https:\/\/klarline.ro\/garancia-visszakulkdes-csere\/#breadcrumb\",\"itemListElement\":[{\"@type\":\"ListItem\",\"position\":1,\"name\":\"Home\",\"item\":\"https:\/\/klarline.ro\/ro\/\"},{\"@type\":\"ListItem\",\"position\":2,\"name\":\"Garan\\u021bie \\u0219i retur\"}]}]}<\/script>\n<!-- \/ Yoast SEO Premium plugin. -->","yoast_head_json":{"title":"Garan\u021bie - \u00eembr\u0103c\u0103minte simpl\u0103 confortabil\u0103 \u0219i durabil\u0103 din materiale naturale","description":"KLARLINE este o colec\u021bie simpl\u0103, comod\u0103 \u0219i sustenabil\u0103, care este realizat\u0103 exclusiv din materiale naturale","robots":{"index":"index","follow":"follow","max-snippet":"max-snippet:-1","max-image-preview":"max-image-preview:large","max-video-preview":"max-video-preview:-1"},"canonical":"https:\/\/klarline.ro\/garancia-visszakulkdes-csere\/","og_locale":"ro_RO","og_type":"article","og_title":"Garan\u021bie \u0219i retur","og_description":"KLARLINE este o colec\u021bie simpl\u0103, comod\u0103 \u0219i sustenabil\u0103, care este realizat\u0103 exclusiv din materiale naturale","og_url":"https:\/\/klarline.ro\/garancia-visszakulkdes-csere\/","og_site_name":"Klarline","article_modified_time":"2022-07-08T11:17:15+00:00","twitter_card":"summary_large_image","twitter_misc":{"Timp estimat pentru citire":"1 minut"},"schema":{"@context":"https:\/\/schema.org","@graph":[{"@type":"WebSite","@id":"https:\/\/klarline.ro\/#website","url":"https:\/\/klarline.ro\/","name":"Klarline","description":"","potentialAction":[{"@type":"SearchAction","target":{"@type":"EntryPoint","urlTemplate":"https:\/\/klarline.ro\/?s={search_term_string}"},"query-input":"required name=search_term_string"}],"inLanguage":"ro-RO"},{"@type":"WebPage","@id":"https:\/\/klarline.ro\/garancia-visszakulkdes-csere\/#webpage","url":"https:\/\/klarline.ro\/garancia-visszakulkdes-csere\/","name":"Garan\u021bie - \u00eembr\u0103c\u0103minte simpl\u0103 confortabil\u0103 \u0219i durabil\u0103 din materiale naturale","isPartOf":{"@id":"https:\/\/klarline.ro\/#website"},"datePublished":"2022-05-20T11:06:32+00:00","dateModified":"2022-07-08T11:17:15+00:00","description":"KLARLINE este o colec\u021bie simpl\u0103, comod\u0103 \u0219i sustenabil\u0103, care este realizat\u0103 exclusiv din materiale naturale","breadcrumb":{"@id":"https:\/\/klarline.ro\/garancia-visszakulkdes-csere\/#breadcrumb"},"inLanguage":"ro-RO","potentialAction":[{"@type":"ReadAction","target":["https:\/\/klarline.ro\/garancia-visszakulkdes-csere\/"]}]},{"@type":"BreadcrumbList","@id":"https:\/\/klarline.ro\/garancia-visszakulkdes-csere\/#breadcrumb","itemListElement":[{"@type":"ListItem","position":1,"name":"Home","item":"https:\/\/klarline.ro\/ro\/"},{"@type":"ListItem","position":2,"name":"Garan\u021bie \u0219i retur"}]}]}},"_links":{"self":[{"href":"https:\/\/klarline.ro\/ro\/wp-json\/wp\/v2\/pages\/3644","targetHints":{"allow":["GET"]}}],"collection":[{"href":"https:\/\/klarline.ro\/ro\/wp-json\/wp\/v2\/pages"}],"about":[{"href":"https:\/\/klarline.ro\/ro\/wp-json\/wp\/v2\/types\/page"}],"author":[{"embeddable":true,"href":"https:\/\/klarline.ro\/ro\/wp-json\/wp\/v2\/users\/1"}],"replies":[{"embeddable":true,"href":"https:\/\/klarline.ro\/ro\/wp-json\/wp\/v2\/comments?post=3644"}],"version-history":[{"count":7,"href":"https:\/\/klarline.ro\/ro\/wp-json\/wp\/v2\/pages\/3644\/revisions"}],"predecessor-version":[{"id":3911,"href":"https:\/\/klarline.ro\/ro\/wp-json\/wp\/v2\/pages\/3644\/revisions\/3911"}],"wp:attachment":[{"href":"https:\/\/klarline.ro\/ro\/wp-json\/wp\/v2\/media?parent=3644"}],"curies":[{"name":"wp","href":"https:\/\/api.w.org\/{rel}","templated":true}]}}