{"id":3637,"date":"2022-05-20T11:10:30","date_gmt":"2022-05-20T11:10:30","guid":{"rendered":"https:\/\/klarline.ro\/fizetes-es-szallitas\/"},"modified":"2022-07-04T06:13:49","modified_gmt":"2022-07-04T06:13:49","slug":"plata-si-livrare","status":"publish","type":"page","link":"https:\/\/klarline.ro\/ro\/plata-si-livrare\/","title":{"rendered":"Plata \u0219i livrare"},"content":{"rendered":"\t\t<div data-elementor-type=\"wp-page\" data-elementor-id=\"3637\" class=\"elementor elementor-3637 elementor-3406\">\n\t\t\t\t\t\t\t\t\t<section class=\"elementor-section elementor-top-section elementor-element elementor-element-d4ce856 elementor-section-content-middle elementor-section-boxed elementor-section-height-default elementor-section-height-default\" data-id=\"d4ce856\" data-element_type=\"section\">\n\t\t\t\t\t\t<div class=\"elementor-container elementor-column-gap-no\">\n\t\t\t\t\t<div class=\"elementor-column elementor-col-100 elementor-top-column elementor-element elementor-element-f35f585\" data-id=\"f35f585\" data-element_type=\"column\">\n\t\t\t<div class=\"elementor-widget-wrap elementor-element-populated\">\n\t\t\t\t\t\t\t\t<div class=\"elementor-element elementor-element-868fd17 elementor-widget elementor-widget-etheme_animated_headline\" data-id=\"868fd17\" data-element_type=\"widget\" data-settings=\"{&quot;shape&quot;:&quot;underline&quot;,&quot;text_style&quot;:&quot;highlight&quot;,&quot;loop&quot;:&quot;yes&quot;,&quot;duration&quot;:{&quot;unit&quot;:&quot;px&quot;,&quot;size&quot;:&quot;&quot;,&quot;sizes&quot;:[]}}\" data-widget_type=\"etheme_animated_headline.default\">\n\t\t\t\t<div class=\"elementor-widget-container\">\n\t\t\t        \r\n        <div class=\"etheme-headline-wrapper\">\r\n            <h2 class=\"etheme-headline\" data-style=\"highlight\">\r\n\t\t                                <span class=\"etheme-headline-text-before\">\r\n\t                        Plata \u0219i                        <\/span>\r\n                                    <span class=\"etheme-headline-text-wrapper\">\r\n                \r\n\t\t        livrare<svg xmlns=\"http:\/\/www.w3.org\/2000\/svg\" viewBox=\"0 0 500 150\" preserveAspectRatio=\"none\"><path d=\"M3.5 145.883C147.207 138.384 327.838 123.383 493.5 145.883\"><\/path><\/svg>                \r\n                <\/span>\r\n                            <\/h2>\r\n        <\/div>\r\n        \r\n\t\t\t\t<\/div>\n\t\t\t\t<\/div>\n\t\t\t\t<div class=\"elementor-element elementor-element-e1c0f7b elementor-widget elementor-widget-text-editor\" data-id=\"e1c0f7b\" data-element_type=\"widget\" data-widget_type=\"text-editor.default\">\n\t\t\t\t<div class=\"elementor-widget-container\">\n\t\t\t<style>\/*! elementor - v3.6.7 - 03-07-2022 *\/\n.elementor-widget-text-editor.elementor-drop-cap-view-stacked .elementor-drop-cap{background-color:#818a91;color:#fff}.elementor-widget-text-editor.elementor-drop-cap-view-framed .elementor-drop-cap{color:#818a91;border:3px solid;background-color:transparent}.elementor-widget-text-editor:not(.elementor-drop-cap-view-default) .elementor-drop-cap{margin-top:8px}.elementor-widget-text-editor:not(.elementor-drop-cap-view-default) .elementor-drop-cap-letter{width:1em;height:1em}.elementor-widget-text-editor .elementor-drop-cap{float:left;text-align:center;line-height:1;font-size:50px}.elementor-widget-text-editor .elementor-drop-cap-letter{display:inline-block}<\/style>\t\t\t\t<p style=\"text-align: justify;\"><span style=\"color: #008000;\"><strong>Plata<\/strong><\/span><br \/>1. Plata prin ramburs &#8211; Contravaloarea comenzii se achit\u0103 reprezentantului companiei de curierat \u00een momentul livr\u0103rii coletului.<br \/>2. Prin transfer bancar<\/p><p>Dup\u0103 confirmarea comenzii v\u0103 vom trimite prin e-mail factura proform\u0103 \u0219i datele bancare, \u00een baza c\u0103rora se va efectua transferul. \u00cen acest caz comanda va fi livrat\u0103 dup\u0103 confirmarea pl\u0103\u021bii.<\/p><p style=\"text-align: justify;\"><strong><span style=\"color: #008000;\">Livrare<\/span><\/strong><br \/><strong>\u00cen vederea unui consum responsabil, lucr\u0103m cu un stoc minim de marf\u0103, astfel de cele mai multe ori realiz\u0103m produsul pe baza comenzii dvs., ceea ce presupune un timp de procesare mai lung dec\u00e2t de obicei. Procesarea \u0219i expedierea comenzii dureaz\u0103 7-14 zile lucr\u0103toare, \u00een func\u021bie de produsul ales. Dac\u0103 ave\u021bi nevoie de articolul selectat mai devreme, v\u0103 rug\u0103m s\u0103 ne contacta\u021bi \u0219i vom \u00eencerca s\u0103 g\u0103sim o solu\u021bie pentru a expedia produsele la timp.<\/strong><\/p><p style=\"text-align: justify;\">Livrarea se face prin serviciul de curierat DPD.<br \/>Durata expedierii este de 1-2 zile, cost 25 lei.<\/p><p style=\"text-align: justify;\"><strong><span style=\"color: #008000;\">Livrare gratuit la cump\u0103r\u0103turi de peste 600 lei.<\/span><\/strong><\/p>\t\t\t\t\t\t<\/div>\n\t\t\t\t<\/div>\n\t\t\t\t\t<\/div>\n\t\t<\/div>\n\t\t\t\t\t\t\t<\/div>\n\t\t<\/section>\n\t\t\t\t\t\t\t<\/div>\n\t\t","protected":false},"excerpt":{"rendered":"<p>Plata \u0219i livrare Plata1. Plata prin ramburs &#8211; Contravaloarea comenzii se achit\u0103 reprezentantului companiei de&#8230;<\/p>\n","protected":false},"author":1,"featured_media":0,"parent":0,"menu_order":0,"comment_status":"closed","ping_status":"closed","template":"","meta":{"footnotes":""},"class_list":["post-3637","page","type-page","status-publish","hentry"],"yoast_head":"<!-- This site is optimized with the Yoast SEO Premium plugin v17.2 (Yoast SEO v17.2) - https:\/\/yoast.com\/wordpress\/plugins\/seo\/ -->\n<title>Plata \u0219i livrare - \u00eembr\u0103c\u0103minte simpl\u0103 confortabil\u0103 \u0219i durabil\u0103 din materiale naturale<\/title>\n<meta name=\"description\" content=\"KLARLINE este o colec\u021bie simpl\u0103, comod\u0103 \u0219i sustenabil\u0103, care este realizat\u0103 exclusiv din materiale naturale\" \/>\n<meta name=\"robots\" content=\"index, follow, max-snippet:-1, max-image-preview:large, max-video-preview:-1\" \/>\n<link rel=\"canonical\" href=\"https:\/\/klarline.ro\/ro\/plata-si-livrare\/\" \/>\n<meta property=\"og:locale\" content=\"ro_RO\" \/>\n<meta property=\"og:type\" content=\"article\" \/>\n<meta property=\"og:title\" content=\"Plata \u0219i livrare\" \/>\n<meta property=\"og:description\" content=\"KLARLINE este o colec\u021bie simpl\u0103, comod\u0103 \u0219i sustenabil\u0103, care este realizat\u0103 exclusiv din materiale naturale\" \/>\n<meta property=\"og:url\" content=\"https:\/\/klarline.ro\/ro\/plata-si-livrare\/\" \/>\n<meta property=\"og:site_name\" content=\"Klarline\" \/>\n<meta property=\"article:modified_time\" content=\"2022-07-04T06:13:49+00:00\" \/>\n<meta name=\"twitter:card\" content=\"summary_large_image\" \/>\n<meta name=\"twitter:label1\" content=\"Timp estimat pentru citire\" \/>\n\t<meta name=\"twitter:data1\" content=\"1 minut\" \/>\n<script type=\"application\/ld+json\" class=\"yoast-schema-graph\">{\"@context\":\"https:\/\/schema.org\",\"@graph\":[{\"@type\":\"WebSite\",\"@id\":\"https:\/\/klarline.ro\/#website\",\"url\":\"https:\/\/klarline.ro\/\",\"name\":\"Klarline\",\"description\":\"\",\"potentialAction\":[{\"@type\":\"SearchAction\",\"target\":{\"@type\":\"EntryPoint\",\"urlTemplate\":\"https:\/\/klarline.ro\/?s={search_term_string}\"},\"query-input\":\"required name=search_term_string\"}],\"inLanguage\":\"ro-RO\"},{\"@type\":\"WebPage\",\"@id\":\"https:\/\/klarline.ro\/ro\/plata-si-livrare\/#webpage\",\"url\":\"https:\/\/klarline.ro\/ro\/plata-si-livrare\/\",\"name\":\"Plata \\u0219i livrare - \\u00eembr\\u0103c\\u0103minte simpl\\u0103 confortabil\\u0103 \\u0219i durabil\\u0103 din materiale naturale\",\"isPartOf\":{\"@id\":\"https:\/\/klarline.ro\/#website\"},\"datePublished\":\"2022-05-20T11:10:30+00:00\",\"dateModified\":\"2022-07-04T06:13:49+00:00\",\"description\":\"KLARLINE este o colec\\u021bie simpl\\u0103, comod\\u0103 \\u0219i sustenabil\\u0103, care este realizat\\u0103 exclusiv din materiale naturale\",\"breadcrumb\":{\"@id\":\"https:\/\/klarline.ro\/ro\/plata-si-livrare\/#breadcrumb\"},\"inLanguage\":\"ro-RO\",\"potentialAction\":[{\"@type\":\"ReadAction\",\"target\":[\"https:\/\/klarline.ro\/ro\/plata-si-livrare\/\"]}]},{\"@type\":\"BreadcrumbList\",\"@id\":\"https:\/\/klarline.ro\/ro\/plata-si-livrare\/#breadcrumb\",\"itemListElement\":[{\"@type\":\"ListItem\",\"position\":1,\"name\":\"Home\",\"item\":\"https:\/\/klarline.ro\/ro\/\"},{\"@type\":\"ListItem\",\"position\":2,\"name\":\"Plata \\u0219i livrare\"}]}]}<\/script>\n<!-- \/ Yoast SEO Premium plugin. -->","yoast_head_json":{"title":"Plata \u0219i livrare - \u00eembr\u0103c\u0103minte simpl\u0103 confortabil\u0103 \u0219i durabil\u0103 din materiale naturale","description":"KLARLINE este o colec\u021bie simpl\u0103, comod\u0103 \u0219i sustenabil\u0103, care este realizat\u0103 exclusiv din materiale naturale","robots":{"index":"index","follow":"follow","max-snippet":"max-snippet:-1","max-image-preview":"max-image-preview:large","max-video-preview":"max-video-preview:-1"},"canonical":"https:\/\/klarline.ro\/ro\/plata-si-livrare\/","og_locale":"ro_RO","og_type":"article","og_title":"Plata \u0219i livrare","og_description":"KLARLINE este o colec\u021bie simpl\u0103, comod\u0103 \u0219i sustenabil\u0103, care este realizat\u0103 exclusiv din materiale naturale","og_url":"https:\/\/klarline.ro\/ro\/plata-si-livrare\/","og_site_name":"Klarline","article_modified_time":"2022-07-04T06:13:49+00:00","twitter_card":"summary_large_image","twitter_misc":{"Timp estimat pentru citire":"1 minut"},"schema":{"@context":"https:\/\/schema.org","@graph":[{"@type":"WebSite","@id":"https:\/\/klarline.ro\/#website","url":"https:\/\/klarline.ro\/","name":"Klarline","description":"","potentialAction":[{"@type":"SearchAction","target":{"@type":"EntryPoint","urlTemplate":"https:\/\/klarline.ro\/?s={search_term_string}"},"query-input":"required name=search_term_string"}],"inLanguage":"ro-RO"},{"@type":"WebPage","@id":"https:\/\/klarline.ro\/ro\/plata-si-livrare\/#webpage","url":"https:\/\/klarline.ro\/ro\/plata-si-livrare\/","name":"Plata \u0219i livrare - \u00eembr\u0103c\u0103minte simpl\u0103 confortabil\u0103 \u0219i durabil\u0103 din materiale naturale","isPartOf":{"@id":"https:\/\/klarline.ro\/#website"},"datePublished":"2022-05-20T11:10:30+00:00","dateModified":"2022-07-04T06:13:49+00:00","description":"KLARLINE este o colec\u021bie simpl\u0103, comod\u0103 \u0219i sustenabil\u0103, care este realizat\u0103 exclusiv din materiale naturale","breadcrumb":{"@id":"https:\/\/klarline.ro\/ro\/plata-si-livrare\/#breadcrumb"},"inLanguage":"ro-RO","potentialAction":[{"@type":"ReadAction","target":["https:\/\/klarline.ro\/ro\/plata-si-livrare\/"]}]},{"@type":"BreadcrumbList","@id":"https:\/\/klarline.ro\/ro\/plata-si-livrare\/#breadcrumb","itemListElement":[{"@type":"ListItem","position":1,"name":"Home","item":"https:\/\/klarline.ro\/ro\/"},{"@type":"ListItem","position":2,"name":"Plata \u0219i livrare"}]}]}},"_links":{"self":[{"href":"https:\/\/klarline.ro\/ro\/wp-json\/wp\/v2\/pages\/3637","targetHints":{"allow":["GET"]}}],"collection":[{"href":"https:\/\/klarline.ro\/ro\/wp-json\/wp\/v2\/pages"}],"about":[{"href":"https:\/\/klarline.ro\/ro\/wp-json\/wp\/v2\/types\/page"}],"author":[{"embeddable":true,"href":"https:\/\/klarline.ro\/ro\/wp-json\/wp\/v2\/users\/1"}],"replies":[{"embeddable":true,"href":"https:\/\/klarline.ro\/ro\/wp-json\/wp\/v2\/comments?post=3637"}],"version-history":[{"count":4,"href":"https:\/\/klarline.ro\/ro\/wp-json\/wp\/v2\/pages\/3637\/revisions"}],"predecessor-version":[{"id":3643,"href":"https:\/\/klarline.ro\/ro\/wp-json\/wp\/v2\/pages\/3637\/revisions\/3643"}],"wp:attachment":[{"href":"https:\/\/klarline.ro\/ro\/wp-json\/wp\/v2\/media?parent=3637"}],"curies":[{"name":"wp","href":"https:\/\/api.w.org\/{rel}","templated":true}]}}