{"id":3487,"date":"2022-04-21T06:30:56","date_gmt":"2022-04-21T06:30:56","guid":{"rendered":"https:\/\/klarline.ro\/anyagok\/"},"modified":"2022-07-08T09:31:26","modified_gmt":"2022-07-08T09:31:26","slug":"materiale","status":"publish","type":"page","link":"https:\/\/klarline.ro\/ro\/materiale\/","title":{"rendered":"Materiale"},"content":{"rendered":"\t\t<div data-elementor-type=\"wp-page\" data-elementor-id=\"3487\" class=\"elementor elementor-3487 elementor-2709\">\n\t\t\t\t\t\t\t\t\t<section class=\"elementor-section elementor-top-section elementor-element elementor-element-d4ce856 elementor-section-content-middle elementor-section-boxed elementor-section-height-default elementor-section-height-default\" data-id=\"d4ce856\" data-element_type=\"section\">\n\t\t\t\t\t\t<div class=\"elementor-container elementor-column-gap-no\">\n\t\t\t\t\t<div class=\"elementor-column elementor-col-100 elementor-top-column elementor-element elementor-element-f35f585\" data-id=\"f35f585\" data-element_type=\"column\">\n\t\t\t<div class=\"elementor-widget-wrap elementor-element-populated\">\n\t\t\t\t\t\t\t\t<div class=\"elementor-element elementor-element-868fd17 elementor-widget elementor-widget-etheme_animated_headline\" data-id=\"868fd17\" data-element_type=\"widget\" data-settings=\"{&quot;shape&quot;:&quot;underline&quot;,&quot;text_style&quot;:&quot;highlight&quot;,&quot;loop&quot;:&quot;yes&quot;,&quot;duration&quot;:{&quot;unit&quot;:&quot;px&quot;,&quot;size&quot;:&quot;&quot;,&quot;sizes&quot;:[]}}\" data-widget_type=\"etheme_animated_headline.default\">\n\t\t\t\t<div class=\"elementor-widget-container\">\n\t\t\t        \r\n        <div class=\"etheme-headline-wrapper\">\r\n            <h2 class=\"etheme-headline\" data-style=\"highlight\">\r\n\t\t                        <span class=\"etheme-headline-text-wrapper\">\r\n                \r\n\t\t        <svg xmlns=\"http:\/\/www.w3.org\/2000\/svg\" viewBox=\"0 0 500 150\" preserveAspectRatio=\"none\"><path d=\"M3.5 145.883C147.207 138.384 327.838 123.383 493.5 145.883\"><\/path><\/svg>                \r\n                <\/span>\r\n                                    <span class=\"etheme-headline-text-after\">\r\n                        Pun\u00e2nd accentul pe modul de via\u021b\u0103 s\u0103n\u0103tos \u0219i responsabil fa\u021b\u0103 de mediul \u00eenconjur\u0103tor, produsele noastre sunt fabricate exclusiv din materiale naturale.                    <\/span>\r\n                            <\/h2>\r\n        <\/div>\r\n        \r\n\t\t\t\t<\/div>\n\t\t\t\t<\/div>\n\t\t\t\t<div class=\"elementor-element elementor-element-fa981bb elementor-widget elementor-widget-image\" data-id=\"fa981bb\" data-element_type=\"widget\" data-widget_type=\"image.default\">\n\t\t\t\t<div class=\"elementor-widget-container\">\n\t\t\t<style>\/*! elementor - v3.6.7 - 03-07-2022 *\/\n.elementor-widget-image{text-align:center}.elementor-widget-image a{display:inline-block}.elementor-widget-image a img[src$=\".svg\"]{width:48px}.elementor-widget-image img{vertical-align:middle;display:inline-block}<\/style>\t\t\t\t\t\t\t\t\t\t\t\t<img loading=\"lazy\" decoding=\"async\" width=\"1416\" height=\"207\" src=\"https:\/\/klarline.ro\/wp-content\/uploads\/lenheader-ro.jpg\" class=\"attachment-large size-large\" alt=\"\" srcset=\"https:\/\/klarline.ro\/wp-content\/uploads\/lenheader-ro.jpg 1416w, https:\/\/klarline.ro\/wp-content\/uploads\/lenheader-ro-768x112.jpg 768w, https:\/\/klarline.ro\/wp-content\/uploads\/lenheader-ro-10x1.jpg 10w, https:\/\/klarline.ro\/wp-content\/uploads\/lenheader-ro-300x44.jpg 300w, https:\/\/klarline.ro\/wp-content\/uploads\/lenheader-ro-600x88.jpg 600w\" sizes=\"auto, (max-width: 1416px) 100vw, 1416px\" \/>\t\t\t\t\t\t\t\t\t\t\t\t\t\t\t<\/div>\n\t\t\t\t<\/div>\n\t\t\t\t<div class=\"elementor-element elementor-element-e1c0f7b elementor-widget elementor-widget-text-editor\" data-id=\"e1c0f7b\" data-element_type=\"widget\" data-widget_type=\"text-editor.default\">\n\t\t\t\t<div class=\"elementor-widget-container\">\n\t\t\t<style>\/*! elementor - v3.6.7 - 03-07-2022 *\/\n.elementor-widget-text-editor.elementor-drop-cap-view-stacked .elementor-drop-cap{background-color:#818a91;color:#fff}.elementor-widget-text-editor.elementor-drop-cap-view-framed .elementor-drop-cap{color:#818a91;border:3px solid;background-color:transparent}.elementor-widget-text-editor:not(.elementor-drop-cap-view-default) .elementor-drop-cap{margin-top:8px}.elementor-widget-text-editor:not(.elementor-drop-cap-view-default) .elementor-drop-cap-letter{width:1em;height:1em}.elementor-widget-text-editor .elementor-drop-cap{float:left;text-align:center;line-height:1;font-size:50px}.elementor-widget-text-editor .elementor-drop-cap-letter{display:inline-block}<\/style>\t\t\t\t<p><strong>INUL<\/strong><\/p><p style=\"text-align: justify;\">Inul este o cultur\u0103 str\u0103veche. Un material natural derivat din plante, folosit \u00een confec\u021bii \u00eenc\u0103 din cele mai vechi timpuri. Este antialergic \u0219i are propriet\u0103\u021bi absorbante bune. Cu c\u00e2t materialul este sp\u0103lat mai mult, cu at\u00e2t devine mai moale. Perfect pentru a fi purtat vara datorit\u0103 senza\u021biei sale pl\u0103cute, dar poate fi purtat chiar \u0219i pe vreme mai rece dac\u0103 este aplicat corespunz\u0103tor.<\/p><p><strong>Caracteristici<\/strong><br \/>\u2022 material cu excelen\u021b\u0103 putere de absorb\u021bie<br \/>\u2022 antistatic, hipoalergenic, antibacterian<br \/>\u2022 ajut\u0103 la reglarea temperaturii corpului<br \/>\u2022 material rezistent la abraziune, cu \u021binut\u0103 bun\u0103<\/p><p><strong>Instruc\u021biuni de utilizare:<\/strong><br \/>\u2022 poate fi sp\u0103lat manual sau la ma\u0219in\u0103 cu un program delicat la 300C<br \/>\u2022 se recomand\u0103 sp\u0103larea pe dos, cu haine de culoare asem\u0103n\u0103toare<br \/>\u2022 nu poate fi tratat cu \u00een\u0103lbitor<br \/>\u2022 nu poate fi uscat \u00een usc\u0103tor<br \/>\u2022 se poate c\u0103lca pe dos, cu aburi, la temperaturi mai ridicate<br \/>\u2022 cur\u0103\u0163area chimic\u0103 nu este recomandat\u0103<\/p><p>\u00a0<\/p>\t\t\t\t\t\t<\/div>\n\t\t\t\t<\/div>\n\t\t\t\t<div class=\"elementor-element elementor-element-523fb60 elementor-widget elementor-widget-image\" data-id=\"523fb60\" data-element_type=\"widget\" data-widget_type=\"image.default\">\n\t\t\t\t<div class=\"elementor-widget-container\">\n\t\t\t\t\t\t\t\t\t\t\t\t\t\t\t<img loading=\"lazy\" decoding=\"async\" width=\"1416\" height=\"207\" src=\"https:\/\/klarline.ro\/wp-content\/uploads\/pamutheader-ro.jpg\" class=\"attachment-large size-large\" alt=\"\" srcset=\"https:\/\/klarline.ro\/wp-content\/uploads\/pamutheader-ro.jpg 1416w, https:\/\/klarline.ro\/wp-content\/uploads\/pamutheader-ro-768x112.jpg 768w, https:\/\/klarline.ro\/wp-content\/uploads\/pamutheader-ro-10x1.jpg 10w, https:\/\/klarline.ro\/wp-content\/uploads\/pamutheader-ro-300x44.jpg 300w, https:\/\/klarline.ro\/wp-content\/uploads\/pamutheader-ro-600x88.jpg 600w\" sizes=\"auto, (max-width: 1416px) 100vw, 1416px\" \/>\t\t\t\t\t\t\t\t\t\t\t\t\t\t\t<\/div>\n\t\t\t\t<\/div>\n\t\t\t\t<div class=\"elementor-element elementor-element-cac85af elementor-widget elementor-widget-text-editor\" data-id=\"cac85af\" data-element_type=\"widget\" data-widget_type=\"text-editor.default\">\n\t\t\t\t<div class=\"elementor-widget-container\">\n\t\t\t\t\t\t\t<p style=\"text-align: justify;\"><strong>BUMBAC<\/strong><\/p><p>Bumbacul este una dintre cele mai importante materii prime textile, \u00een principal datorit\u0103 propriet\u0103\u021bilor sale excelente. Utilizarea bumbacului este extrem de versatil\u0103, motiv pentru care este popular\u0103 \u00een industria modei.<\/p><p><strong>Caracteristici<\/strong><br \/>\u2022 permite circula\u021bia aerului<br \/>\u2022 este un material moale la atingere, rezistent<br \/>\u2022 nu se \u00eencarc\u0103 cu electricitate<br \/>\u2022 hipoalergenic<br \/>\u2022 u\u0219or de cur\u0103\u021bat<\/p><p><strong>Instruc\u021biuni de utilizare:<\/strong><br \/>\u2022 poate fi sp\u0103lat la ma\u0219in\u0103 cu un program la 300C<br \/>\u2022 se recomand\u0103 sp\u0103larea pe dos, cu haine de culoare asem\u0103n\u0103toare<br \/>\u2022 nu poate fi tratat cu \u00een\u0103lbitor<br \/>\u2022 se poate usca cu ma\u0219in\u0103, cu un program delicat<br \/>\u2022 se poate c\u0103lca cu aburi, la temperatur\u0103 medie<br \/>\u2022 cur\u0103\u0163area uscat\u0103 nu este recomandat\u0103<\/p><p>\u00a0<\/p>\t\t\t\t\t\t<\/div>\n\t\t\t\t<\/div>\n\t\t\t\t<div class=\"elementor-element elementor-element-a169ea5 elementor-widget elementor-widget-image\" data-id=\"a169ea5\" data-element_type=\"widget\" data-widget_type=\"image.default\">\n\t\t\t\t<div class=\"elementor-widget-container\">\n\t\t\t\t\t\t\t\t\t\t\t\t\t\t\t<img loading=\"lazy\" decoding=\"async\" width=\"1416\" height=\"207\" src=\"https:\/\/klarline.ro\/wp-content\/uploads\/biopamutheader-ro.jpg\" class=\"attachment-large size-large\" alt=\"\" srcset=\"https:\/\/klarline.ro\/wp-content\/uploads\/biopamutheader-ro.jpg 1416w, https:\/\/klarline.ro\/wp-content\/uploads\/biopamutheader-ro-768x112.jpg 768w, https:\/\/klarline.ro\/wp-content\/uploads\/biopamutheader-ro-10x1.jpg 10w, https:\/\/klarline.ro\/wp-content\/uploads\/biopamutheader-ro-300x44.jpg 300w, https:\/\/klarline.ro\/wp-content\/uploads\/biopamutheader-ro-600x88.jpg 600w\" sizes=\"auto, (max-width: 1416px) 100vw, 1416px\" \/>\t\t\t\t\t\t\t\t\t\t\t\t\t\t\t<\/div>\n\t\t\t\t<\/div>\n\t\t\t\t<div class=\"elementor-element elementor-element-9567a6d elementor-widget elementor-widget-text-editor\" data-id=\"9567a6d\" data-element_type=\"widget\" data-widget_type=\"text-editor.default\">\n\t\t\t\t<div class=\"elementor-widget-container\">\n\t\t\t\t\t\t\t<p style=\"text-align: justify;\"><strong>MUSELIN\u0102 DIN BUMBAC <br \/><\/strong><\/p><p>Muselina este o combina\u021bie de dou\u0103 straturi de tifon. Este preferat pentru a confec\u021biona haine de vara sau chiar haine de cas\u0103, fiind un material u\u0219or, aerisit, care este confortabil de purtat chiar \u0219i la cea mai mare c\u0103ldur\u0103. Suprafa\u021ba u\u0219or \u0219ifonat\u0103 a materialului ofer\u0103 o textur\u0103 interesant\u0103. <\/p><p><strong>Caracteristici<\/strong><br \/>\u2022 permite circula\u021bia aerului<br \/>\u2022 moale la atingere<br \/>\u2022 hipoalergenic<br \/>\u2022 se usuc\u0103 repede<\/p><p><strong>Instruc\u021biuni de utilizare:<\/strong><br \/>\u2022 poate fi sp\u0103lat cu masin\u0103 la un program la 300C<br \/>\u2022 se recomand\u0103 sp\u0103larea pe dos, cu haine de culoare asem\u0103n\u0103toare<br \/>\u2022 nu poate fi tratat cu \u00een\u0103lbitor<br \/>\u2022 se poate usca cu ma\u0219in\u0103, la un program delicat<br \/>\u2022 se poate c\u0103lca cu aburi, la temperatur\u0103 medie<br \/>\u2022 cur\u0103\u0163area uscat\u0103 nu este recomandat\u0103<\/p><p>\u00a0<\/p>\t\t\t\t\t\t<\/div>\n\t\t\t\t<\/div>\n\t\t\t\t\t<\/div>\n\t\t<\/div>\n\t\t\t\t\t\t\t<\/div>\n\t\t<\/section>\n\t\t\t\t<section class=\"elementor-section elementor-top-section elementor-element elementor-element-669063d elementor-section-stretched elementor-section-boxed elementor-section-height-default elementor-section-height-default\" data-id=\"669063d\" data-element_type=\"section\" data-settings=\"{&quot;stretch_section&quot;:&quot;section-stretched&quot;,&quot;background_background&quot;:&quot;classic&quot;}\">\n\t\t\t\t\t\t<div class=\"elementor-container elementor-column-gap-no\">\n\t\t\t\t\t<div class=\"elementor-column elementor-col-100 elementor-top-column elementor-element elementor-element-c9e4f61\" data-id=\"c9e4f61\" data-element_type=\"column\">\n\t\t\t<div class=\"elementor-widget-wrap elementor-element-populated\">\n\t\t\t\t\t\t\t\t<div class=\"elementor-element elementor-element-2cd1b89 elementor-widget elementor-widget-etheme_animated_headline\" data-id=\"2cd1b89\" data-element_type=\"widget\" data-settings=\"{&quot;shape&quot;:&quot;underline&quot;,&quot;text_style&quot;:&quot;highlight&quot;,&quot;loop&quot;:&quot;yes&quot;,&quot;duration&quot;:{&quot;unit&quot;:&quot;px&quot;,&quot;size&quot;:&quot;&quot;,&quot;sizes&quot;:[]}}\" data-widget_type=\"etheme_animated_headline.default\">\n\t\t\t\t<div class=\"elementor-widget-container\">\n\t\t\t        \r\n        <div class=\"etheme-headline-wrapper\">\r\n            <h2 class=\"etheme-headline\" data-style=\"highlight\">\r\n\t\t                                <span class=\"etheme-headline-text-before\">\r\n\t                        Recenzii                        <\/span>\r\n                                    <span class=\"etheme-headline-text-wrapper\">\r\n                \r\n\t\t        <svg xmlns=\"http:\/\/www.w3.org\/2000\/svg\" viewBox=\"0 0 500 150\" preserveAspectRatio=\"none\"><path d=\"M3.5 145.883C147.207 138.384 327.838 123.383 493.5 145.883\"><\/path><\/svg>                \r\n                <\/span>\r\n                            <\/h2>\r\n        <\/div>\r\n        \r\n\t\t\t\t<\/div>\n\t\t\t\t<\/div>\n\t\t\t\t<div class=\"elementor-element elementor-element-9321a77 elementor-widget elementor-widget-testimonials\" data-id=\"9321a77\" data-element_type=\"widget\" data-widget_type=\"testimonials.default\">\n\t\t\t\t<div class=\"elementor-widget-container\">\n\t\t\t\t\t\t\r\n\t\t\t<div class=\"etheme-testimonials etheme-testimonials-grid\">\r\n\t\t\t\t\r\n\t\t\t\t\t\t\t\t\t\t\t\r\n\t\t\t\t\t\t\t<div class=\"testimonial style-1\">\r\n\t\t\t\t\t\t\t\t\r\n\t\t\t\t\t\t\t\t<div class=\"content-wrapper\">\r\n\t\t\t\t\t\t\t\t\t\r\n\t\t\t\t\t\t\t\t\t\t\t\t\t\t\t\t\t\t\r\n\t\t\t\t\t\t\t\t\t<div class=\"inner-content\">\r\n\t\t\t\t\t\t\t\t\t\t\r\n\t\t\t\t\t\t\t\t\t\t\t\t\t\t\t\t\t\t<span class=\"star-rating-wrapper\"><span class=\"star-rating\"><span style=\"width: 100%\"><\/span><\/span><\/span>\r\n\t\t\t\t\t\t\t\t\t\t\t\t\t\t\t<span class=\"content\"><p>Produse de calitate, ob\u021binute din materiale sustenabile si pl\u0103cute pentru piele. Sunt lucrate foarte bine, cu detalii si mult suflet. Cine dore\u0219te un produs vestimentar special si care protejeaz\u0103 natura face alegerea corect\u0103 aleg\u00e2nd Klarline.<\/p><\/span>\r\n\t\t\t\t\t\t\t\t\t\t\t\t\t\t\t\t\t\t\t\t\t\t<span class=\"name\">Bianca<\/span>\r\n\t\t\t\t\t\t\t\t\t\t\t\t\t\t\t\t\t\t\t\t\t\t\t\r\n\t\t\t\t\t\t\t\t\t<\/div>\r\n\t\t\t\t\t\t\t\t\t\r\n\t\t\t\t\t\t\t\t\t\t\t\t\t\t\t\t\t\r\n\t\t\t\t\t\t\t\t<\/div>\r\n\t\t\t\t\t\t\t\r\n\t\t\t\t\t\t\t<\/div>\r\n\t\t\t\t\t\t\t\r\n\t\t\t\t\t\t\t\t\t\t\t\t\t\t\t\t\r\n\t\t\t<\/div>\r\n\t\t\t\r\n\t\t\t\t\t<\/div>\n\t\t\t\t<\/div>\n\t\t\t\t\t<\/div>\n\t\t<\/div>\n\t\t\t\t\t\t\t<\/div>\n\t\t<\/section>\n\t\t\t\t\t\t\t<\/div>\n\t\t","protected":false},"excerpt":{"rendered":"<p>Pun\u00e2nd accentul pe modul de via\u021b\u0103 s\u0103n\u0103tos \u0219i responsabil fa\u021b\u0103 de mediul \u00eenconjur\u0103tor, produsele noastre&#8230;<\/p>\n","protected":false},"author":1,"featured_media":0,"parent":0,"menu_order":0,"comment_status":"closed","ping_status":"closed","template":"","meta":{"footnotes":""},"class_list":["post-3487","page","type-page","status-publish","hentry"],"yoast_head":"<!-- This site is optimized with the Yoast SEO Premium plugin v17.2 (Yoast SEO v17.2) - https:\/\/yoast.com\/wordpress\/plugins\/seo\/ -->\n<title>Materiale - \u00eembr\u0103c\u0103minte simpl\u0103 confortabil\u0103 \u0219i durabil\u0103 din materiale naturale<\/title>\n<meta name=\"description\" content=\"KLARLINE este o colec\u021bie simpl\u0103, comod\u0103 \u0219i sustenabil\u0103, care este realizat\u0103 exclusiv din materiale naturale\" \/>\n<meta name=\"robots\" content=\"index, follow, max-snippet:-1, max-image-preview:large, max-video-preview:-1\" \/>\n<link rel=\"canonical\" href=\"https:\/\/klarline.ro\/ro\/materiale\/\" \/>\n<meta property=\"og:locale\" content=\"ro_RO\" \/>\n<meta property=\"og:type\" content=\"article\" \/>\n<meta property=\"og:title\" content=\"Materiale\" \/>\n<meta property=\"og:description\" content=\"KLARLINE este o colec\u021bie simpl\u0103, comod\u0103 \u0219i sustenabil\u0103, care este realizat\u0103 exclusiv din materiale naturale\" \/>\n<meta property=\"og:url\" content=\"https:\/\/klarline.ro\/ro\/materiale\/\" \/>\n<meta property=\"og:site_name\" content=\"Klarline\" \/>\n<meta property=\"article:modified_time\" content=\"2022-07-08T09:31:26+00:00\" \/>\n<meta property=\"og:image\" content=\"https:\/\/klarline.ro\/wp-content\/uploads\/lenheader-ro.jpg\" \/>\n<meta name=\"twitter:card\" content=\"summary_large_image\" \/>\n<meta name=\"twitter:label1\" content=\"Timp estimat pentru citire\" \/>\n\t<meta name=\"twitter:data1\" content=\"3 minute\" \/>\n<script type=\"application\/ld+json\" class=\"yoast-schema-graph\">{\"@context\":\"https:\/\/schema.org\",\"@graph\":[{\"@type\":\"WebSite\",\"@id\":\"https:\/\/klarline.ro\/#website\",\"url\":\"https:\/\/klarline.ro\/\",\"name\":\"Klarline\",\"description\":\"\",\"potentialAction\":[{\"@type\":\"SearchAction\",\"target\":{\"@type\":\"EntryPoint\",\"urlTemplate\":\"https:\/\/klarline.ro\/?s={search_term_string}\"},\"query-input\":\"required name=search_term_string\"}],\"inLanguage\":\"ro-RO\"},{\"@type\":\"ImageObject\",\"@id\":\"https:\/\/klarline.ro\/ro\/materiale\/#primaryimage\",\"inLanguage\":\"ro-RO\",\"url\":\"https:\/\/klarline.ro\/wp-content\/uploads\/lenheader-ro.jpg\",\"contentUrl\":\"https:\/\/klarline.ro\/wp-content\/uploads\/lenheader-ro.jpg\",\"width\":1416,\"height\":207},{\"@type\":\"WebPage\",\"@id\":\"https:\/\/klarline.ro\/ro\/materiale\/#webpage\",\"url\":\"https:\/\/klarline.ro\/ro\/materiale\/\",\"name\":\"Materiale - \\u00eembr\\u0103c\\u0103minte simpl\\u0103 confortabil\\u0103 \\u0219i durabil\\u0103 din materiale naturale\",\"isPartOf\":{\"@id\":\"https:\/\/klarline.ro\/#website\"},\"primaryImageOfPage\":{\"@id\":\"https:\/\/klarline.ro\/ro\/materiale\/#primaryimage\"},\"datePublished\":\"2022-04-21T06:30:56+00:00\",\"dateModified\":\"2022-07-08T09:31:26+00:00\",\"description\":\"KLARLINE este o colec\\u021bie simpl\\u0103, comod\\u0103 \\u0219i sustenabil\\u0103, care este realizat\\u0103 exclusiv din materiale naturale\",\"breadcrumb\":{\"@id\":\"https:\/\/klarline.ro\/ro\/materiale\/#breadcrumb\"},\"inLanguage\":\"ro-RO\",\"potentialAction\":[{\"@type\":\"ReadAction\",\"target\":[\"https:\/\/klarline.ro\/ro\/materiale\/\"]}]},{\"@type\":\"BreadcrumbList\",\"@id\":\"https:\/\/klarline.ro\/ro\/materiale\/#breadcrumb\",\"itemListElement\":[{\"@type\":\"ListItem\",\"position\":1,\"name\":\"Home\",\"item\":\"https:\/\/klarline.ro\/ro\/\"},{\"@type\":\"ListItem\",\"position\":2,\"name\":\"Materiale\"}]}]}<\/script>\n<!-- \/ Yoast SEO Premium plugin. -->","yoast_head_json":{"title":"Materiale - \u00eembr\u0103c\u0103minte simpl\u0103 confortabil\u0103 \u0219i durabil\u0103 din materiale naturale","description":"KLARLINE este o colec\u021bie simpl\u0103, comod\u0103 \u0219i sustenabil\u0103, care este realizat\u0103 exclusiv din materiale naturale","robots":{"index":"index","follow":"follow","max-snippet":"max-snippet:-1","max-image-preview":"max-image-preview:large","max-video-preview":"max-video-preview:-1"},"canonical":"https:\/\/klarline.ro\/ro\/materiale\/","og_locale":"ro_RO","og_type":"article","og_title":"Materiale","og_description":"KLARLINE este o colec\u021bie simpl\u0103, comod\u0103 \u0219i sustenabil\u0103, care este realizat\u0103 exclusiv din materiale naturale","og_url":"https:\/\/klarline.ro\/ro\/materiale\/","og_site_name":"Klarline","article_modified_time":"2022-07-08T09:31:26+00:00","og_image":[{"url":"https:\/\/klarline.ro\/wp-content\/uploads\/lenheader-ro.jpg"}],"twitter_card":"summary_large_image","twitter_misc":{"Timp estimat pentru citire":"3 minute"},"schema":{"@context":"https:\/\/schema.org","@graph":[{"@type":"WebSite","@id":"https:\/\/klarline.ro\/#website","url":"https:\/\/klarline.ro\/","name":"Klarline","description":"","potentialAction":[{"@type":"SearchAction","target":{"@type":"EntryPoint","urlTemplate":"https:\/\/klarline.ro\/?s={search_term_string}"},"query-input":"required name=search_term_string"}],"inLanguage":"ro-RO"},{"@type":"ImageObject","@id":"https:\/\/klarline.ro\/ro\/materiale\/#primaryimage","inLanguage":"ro-RO","url":"https:\/\/klarline.ro\/wp-content\/uploads\/lenheader-ro.jpg","contentUrl":"https:\/\/klarline.ro\/wp-content\/uploads\/lenheader-ro.jpg","width":1416,"height":207},{"@type":"WebPage","@id":"https:\/\/klarline.ro\/ro\/materiale\/#webpage","url":"https:\/\/klarline.ro\/ro\/materiale\/","name":"Materiale - \u00eembr\u0103c\u0103minte simpl\u0103 confortabil\u0103 \u0219i durabil\u0103 din materiale naturale","isPartOf":{"@id":"https:\/\/klarline.ro\/#website"},"primaryImageOfPage":{"@id":"https:\/\/klarline.ro\/ro\/materiale\/#primaryimage"},"datePublished":"2022-04-21T06:30:56+00:00","dateModified":"2022-07-08T09:31:26+00:00","description":"KLARLINE este o colec\u021bie simpl\u0103, comod\u0103 \u0219i sustenabil\u0103, care este realizat\u0103 exclusiv din materiale naturale","breadcrumb":{"@id":"https:\/\/klarline.ro\/ro\/materiale\/#breadcrumb"},"inLanguage":"ro-RO","potentialAction":[{"@type":"ReadAction","target":["https:\/\/klarline.ro\/ro\/materiale\/"]}]},{"@type":"BreadcrumbList","@id":"https:\/\/klarline.ro\/ro\/materiale\/#breadcrumb","itemListElement":[{"@type":"ListItem","position":1,"name":"Home","item":"https:\/\/klarline.ro\/ro\/"},{"@type":"ListItem","position":2,"name":"Materiale"}]}]}},"_links":{"self":[{"href":"https:\/\/klarline.ro\/ro\/wp-json\/wp\/v2\/pages\/3487","targetHints":{"allow":["GET"]}}],"collection":[{"href":"https:\/\/klarline.ro\/ro\/wp-json\/wp\/v2\/pages"}],"about":[{"href":"https:\/\/klarline.ro\/ro\/wp-json\/wp\/v2\/types\/page"}],"author":[{"embeddable":true,"href":"https:\/\/klarline.ro\/ro\/wp-json\/wp\/v2\/users\/1"}],"replies":[{"embeddable":true,"href":"https:\/\/klarline.ro\/ro\/wp-json\/wp\/v2\/comments?post=3487"}],"version-history":[{"count":13,"href":"https:\/\/klarline.ro\/ro\/wp-json\/wp\/v2\/pages\/3487\/revisions"}],"predecessor-version":[{"id":3834,"href":"https:\/\/klarline.ro\/ro\/wp-json\/wp\/v2\/pages\/3487\/revisions\/3834"}],"wp:attachment":[{"href":"https:\/\/klarline.ro\/ro\/wp-json\/wp\/v2\/media?parent=3487"}],"curies":[{"name":"wp","href":"https:\/\/api.w.org\/{rel}","templated":true}]}}