{"id":3472,"date":"2021-12-03T17:24:01","date_gmt":"2021-12-03T17:24:01","guid":{"rendered":"https:\/\/klarline.ro\/misszio\/"},"modified":"2022-07-08T09:17:31","modified_gmt":"2022-07-08T09:17:31","slug":"misiunea","status":"publish","type":"page","link":"https:\/\/klarline.ro\/ro\/misiunea\/","title":{"rendered":"Misiunea"},"content":{"rendered":"\t\t<div data-elementor-type=\"wp-page\" data-elementor-id=\"3472\" class=\"elementor elementor-3472 elementor-2226\">\n\t\t\t\t\t\t\t\t\t<section class=\"elementor-section elementor-top-section elementor-element elementor-element-d4ce856 elementor-section-content-middle elementor-section-boxed elementor-section-height-default elementor-section-height-default\" data-id=\"d4ce856\" data-element_type=\"section\">\n\t\t\t\t\t\t<div class=\"elementor-container elementor-column-gap-no\">\n\t\t\t\t\t<div class=\"elementor-column elementor-col-100 elementor-top-column elementor-element elementor-element-f35f585\" data-id=\"f35f585\" data-element_type=\"column\">\n\t\t\t<div class=\"elementor-widget-wrap elementor-element-populated\">\n\t\t\t\t\t\t\t\t<div class=\"elementor-element elementor-element-868fd17 elementor-widget elementor-widget-etheme_animated_headline\" data-id=\"868fd17\" data-element_type=\"widget\" data-settings=\"{&quot;shape&quot;:&quot;underline&quot;,&quot;text_style&quot;:&quot;highlight&quot;,&quot;loop&quot;:&quot;yes&quot;,&quot;duration&quot;:{&quot;unit&quot;:&quot;px&quot;,&quot;size&quot;:&quot;&quot;,&quot;sizes&quot;:[]}}\" data-widget_type=\"etheme_animated_headline.default\">\n\t\t\t\t<div class=\"elementor-widget-container\">\n\t\t\t        \r\n        <div class=\"etheme-headline-wrapper\">\r\n            <h2 class=\"etheme-headline\" data-style=\"highlight\">\r\n\t\t                                <span class=\"etheme-headline-text-before\">\r\n\t                        Misiunea                        <\/span>\r\n                                    <span class=\"etheme-headline-text-wrapper\">\r\n                \r\n\t\t        KLARLINE<svg xmlns=\"http:\/\/www.w3.org\/2000\/svg\" viewBox=\"0 0 500 150\" preserveAspectRatio=\"none\"><path d=\"M3.5 145.883C147.207 138.384 327.838 123.383 493.5 145.883\"><\/path><\/svg>                \r\n                <\/span>\r\n                            <\/h2>\r\n        <\/div>\r\n        \r\n\t\t\t\t<\/div>\n\t\t\t\t<\/div>\n\t\t\t\t<div class=\"elementor-element elementor-element-e1c0f7b elementor-widget elementor-widget-text-editor\" data-id=\"e1c0f7b\" data-element_type=\"widget\" data-widget_type=\"text-editor.default\">\n\t\t\t\t<div class=\"elementor-widget-container\">\n\t\t\t<style>\/*! elementor - v3.6.7 - 03-07-2022 *\/\n.elementor-widget-text-editor.elementor-drop-cap-view-stacked .elementor-drop-cap{background-color:#818a91;color:#fff}.elementor-widget-text-editor.elementor-drop-cap-view-framed .elementor-drop-cap{color:#818a91;border:3px solid;background-color:transparent}.elementor-widget-text-editor:not(.elementor-drop-cap-view-default) .elementor-drop-cap{margin-top:8px}.elementor-widget-text-editor:not(.elementor-drop-cap-view-default) .elementor-drop-cap-letter{width:1em;height:1em}.elementor-widget-text-editor .elementor-drop-cap{float:left;text-align:center;line-height:1;font-size:50px}.elementor-widget-text-editor .elementor-drop-cap-letter{display:inline-block}<\/style>\t\t\t\t<p style=\"text-align: center;\"><strong>KLARLINE<\/strong> este o colec\u021bie simpl\u0103, comod\u0103 \u0219i sustenabil\u0103, care este realizat\u0103 exclusiv din materiale naturale \u00een Transilvania, la Odorheiu Secuiesc. Marca s-a n\u0103scut dintr-o dorin\u021b\u0103 creativ\u0103, abilit\u0103\u021bi mo\u0219tenite \u0219i o dorin\u021b\u0103 de schimbare.<\/p>\t\t\t\t\t\t<\/div>\n\t\t\t\t<\/div>\n\t\t\t\t<div class=\"elementor-element elementor-element-a5e379f elementor-widget elementor-widget-etheme_animated_headline\" data-id=\"a5e379f\" data-element_type=\"widget\" data-settings=\"{&quot;shape&quot;:&quot;underline&quot;,&quot;text_style&quot;:&quot;highlight&quot;,&quot;loop&quot;:&quot;yes&quot;,&quot;duration&quot;:{&quot;unit&quot;:&quot;px&quot;,&quot;size&quot;:&quot;&quot;,&quot;sizes&quot;:[]}}\" data-widget_type=\"etheme_animated_headline.default\">\n\t\t\t\t<div class=\"elementor-widget-container\">\n\t\t\t        \r\n        <div class=\"etheme-headline-wrapper\">\r\n            <h2 class=\"etheme-headline\" data-style=\"highlight\">\r\n\t\t                                <span class=\"etheme-headline-text-before\">\r\n\t                        Filozofia m\u0103rcii                        <\/span>\r\n                                    <span class=\"etheme-headline-text-wrapper\">\r\n                \r\n\t\t        <svg xmlns=\"http:\/\/www.w3.org\/2000\/svg\" viewBox=\"0 0 500 150\" preserveAspectRatio=\"none\"><path d=\"M3.5 145.883C147.207 138.384 327.838 123.383 493.5 145.883\"><\/path><\/svg>                \r\n                <\/span>\r\n                            <\/h2>\r\n        <\/div>\r\n        \r\n\t\t\t\t<\/div>\n\t\t\t\t<\/div>\n\t\t\t\t<div class=\"elementor-element elementor-element-2eefabd elementor-widget elementor-widget-text-editor\" data-id=\"2eefabd\" data-element_type=\"widget\" data-widget_type=\"text-editor.default\">\n\t\t\t\t<div class=\"elementor-widget-container\">\n\t\t\t\t\t\t\t<p style=\"text-align: justify;\"><span style=\"text-decoration: underline;\"><span style=\"color: #6e9851;\"><strong>Durabil\u0103<\/strong><\/span><\/span><br \/>O garderob\u0103 bine compus\u0103 este durabil\u0103 \u0219i sustenabil\u0103. Misiunea noastr\u0103 este s\u0103 cre\u0103m piese de baz\u0103 pe care le proiect\u0103m cu r\u0103spundere \u0219i le producem cu simt etic, care s\u0103 poat\u0103 fi purtate din nou \u0219i din nou pentru a r\u0103m\u00e2ne elegante, indiferent de tendin\u021bele \u00een mod\u0103.<\/p><p style=\"text-align: justify;\"><span style=\"text-decoration: underline;\"><span style=\"color: #6e9851;\"><strong>Preten\u021bioas\u0103<\/strong><\/span><\/span><br \/>Am conceput stilul nostru pentru a ob\u021bine haine durabile, folosind materiale de \u00eenalt\u0103 calitate. \u00cencuraj\u0103m consumul responsabil, care se reflect\u0103 \u00een investi\u021bia \u00een produse de calitate.<\/p><p style=\"text-align: justify;\"><span style=\"text-decoration: underline;\"><span style=\"color: #6e9851;\"><strong>Natural\u0103<\/strong><\/span><\/span><br \/>Inul, materialul dominant al colec\u021biei noastre, este o alegere perfect\u0103 pentru moda responsabil\u0103. Prin utilizarea materialelor textile naturale, a ambalajelor realizate din materiale reciclate sau biodegradabile ne str\u0103duim s\u0103 \u00eembun\u0103t\u0103\u021bim impactul asupra planetei.<\/p>\t\t\t\t\t\t<\/div>\n\t\t\t\t<\/div>\n\t\t\t\t\t<\/div>\n\t\t<\/div>\n\t\t\t\t\t\t\t<\/div>\n\t\t<\/section>\n\t\t\t\t<section class=\"elementor-section elementor-top-section elementor-element elementor-element-669063d elementor-section-stretched elementor-section-boxed elementor-section-height-default elementor-section-height-default\" data-id=\"669063d\" data-element_type=\"section\" data-settings=\"{&quot;stretch_section&quot;:&quot;section-stretched&quot;,&quot;background_background&quot;:&quot;classic&quot;}\">\n\t\t\t\t\t\t<div class=\"elementor-container elementor-column-gap-no\">\n\t\t\t\t\t<div class=\"elementor-column elementor-col-100 elementor-top-column elementor-element elementor-element-c9e4f61\" data-id=\"c9e4f61\" data-element_type=\"column\">\n\t\t\t<div class=\"elementor-widget-wrap elementor-element-populated\">\n\t\t\t\t\t\t\t\t<div class=\"elementor-element elementor-element-2cd1b89 elementor-widget elementor-widget-etheme_animated_headline\" data-id=\"2cd1b89\" data-element_type=\"widget\" data-settings=\"{&quot;shape&quot;:&quot;underline&quot;,&quot;text_style&quot;:&quot;highlight&quot;,&quot;loop&quot;:&quot;yes&quot;,&quot;duration&quot;:{&quot;unit&quot;:&quot;px&quot;,&quot;size&quot;:&quot;&quot;,&quot;sizes&quot;:[]}}\" data-widget_type=\"etheme_animated_headline.default\">\n\t\t\t\t<div class=\"elementor-widget-container\">\n\t\t\t        \r\n        <div class=\"etheme-headline-wrapper\">\r\n            <h2 class=\"etheme-headline\" data-style=\"highlight\">\r\n\t\t                                <span class=\"etheme-headline-text-before\">\r\n\t                        Recenzii                        <\/span>\r\n                                    <span class=\"etheme-headline-text-wrapper\">\r\n                \r\n\t\t        <svg xmlns=\"http:\/\/www.w3.org\/2000\/svg\" viewBox=\"0 0 500 150\" preserveAspectRatio=\"none\"><path d=\"M3.5 145.883C147.207 138.384 327.838 123.383 493.5 145.883\"><\/path><\/svg>                \r\n                <\/span>\r\n                            <\/h2>\r\n        <\/div>\r\n        \r\n\t\t\t\t<\/div>\n\t\t\t\t<\/div>\n\t\t\t\t<div class=\"elementor-element elementor-element-9321a77 elementor-widget elementor-widget-testimonials\" data-id=\"9321a77\" data-element_type=\"widget\" data-widget_type=\"testimonials.default\">\n\t\t\t\t<div class=\"elementor-widget-container\">\n\t\t\t\t\t\t\r\n\t\t\t<div class=\"etheme-testimonials etheme-testimonials-grid\">\r\n\t\t\t\t\r\n\t\t\t\t\t\t\t\t\t\t\t\r\n\t\t\t\t\t\t\t<div class=\"testimonial style-1\">\r\n\t\t\t\t\t\t\t\t\r\n\t\t\t\t\t\t\t\t<div class=\"content-wrapper\">\r\n\t\t\t\t\t\t\t\t\t\r\n\t\t\t\t\t\t\t\t\t\t\t\t\t\t\t\t\t\t\r\n\t\t\t\t\t\t\t\t\t<div class=\"inner-content\">\r\n\t\t\t\t\t\t\t\t\t\t\r\n\t\t\t\t\t\t\t\t\t\t\t\t\t\t\t\t\t\t<span class=\"star-rating-wrapper\"><span class=\"star-rating\"><span style=\"width: 100%\"><\/span><\/span><\/span>\r\n\t\t\t\t\t\t\t\t\t\t\t\t\t\t\t<span class=\"content\"><p>Produse de calitate, ob\u021binute din materiale sustenabile si pl\u0103cute pentru piele. Sunt lucrate foarte bine, cu detalii si mult suflet. Cine dore\u0219te un produs vestimentar special si care protejeaz\u0103 natura face alegerea corect\u0103 aleg\u00e2nd Klarline.<\/p><\/span>\r\n\t\t\t\t\t\t\t\t\t\t\t\t\t\t\t\t\t\t\t\t\t\t<span class=\"name\">Bianca<\/span>\r\n\t\t\t\t\t\t\t\t\t\t\t\t\t\t\t\t\t\t\t\t\t\t\t\r\n\t\t\t\t\t\t\t\t\t<\/div>\r\n\t\t\t\t\t\t\t\t\t\r\n\t\t\t\t\t\t\t\t\t\t\t\t\t\t\t\t\t\r\n\t\t\t\t\t\t\t\t<\/div>\r\n\t\t\t\t\t\t\t\r\n\t\t\t\t\t\t\t<\/div>\r\n\t\t\t\t\t\t\t\r\n\t\t\t\t\t\t\t\t\t\t\t\t\t\t\t\t\r\n\t\t\t<\/div>\r\n\t\t\t\r\n\t\t\t\t\t<\/div>\n\t\t\t\t<\/div>\n\t\t\t\t\t<\/div>\n\t\t<\/div>\n\t\t\t\t\t\t\t<\/div>\n\t\t<\/section>\n\t\t\t\t\t\t\t<\/div>\n\t\t","protected":false},"excerpt":{"rendered":"<p>Misiunea KLARLINE KLARLINE este o colec\u021bie simpl\u0103, comod\u0103 \u0219i sustenabil\u0103, care este realizat\u0103 exclusiv din&#8230;<\/p>\n","protected":false},"author":1,"featured_media":0,"parent":0,"menu_order":0,"comment_status":"closed","ping_status":"closed","template":"","meta":{"footnotes":""},"class_list":["post-3472","page","type-page","status-publish","hentry"],"yoast_head":"<!-- This site is optimized with the Yoast SEO Premium plugin v17.2 (Yoast SEO v17.2) - https:\/\/yoast.com\/wordpress\/plugins\/seo\/ -->\n<title>Misiunea - \u00eembr\u0103c\u0103minte simpl\u0103 confortabil\u0103 \u0219i durabil\u0103 din materiale naturale<\/title>\n<meta name=\"description\" content=\"KLARLINE este o colec\u021bie simpl\u0103, comod\u0103 \u0219i sustenabil\u0103, care este realizat\u0103 exclusiv din materiale naturale\" \/>\n<meta name=\"robots\" content=\"index, follow, max-snippet:-1, max-image-preview:large, max-video-preview:-1\" \/>\n<link rel=\"canonical\" href=\"https:\/\/klarline.ro\/ro\/misiunea\/\" \/>\n<meta property=\"og:locale\" content=\"ro_RO\" \/>\n<meta property=\"og:type\" content=\"article\" \/>\n<meta property=\"og:title\" content=\"Misiunea\" \/>\n<meta property=\"og:description\" content=\"KLARLINE este o colec\u021bie simpl\u0103, comod\u0103 \u0219i sustenabil\u0103, care este realizat\u0103 exclusiv din materiale naturale\" \/>\n<meta property=\"og:url\" content=\"https:\/\/klarline.ro\/ro\/misiunea\/\" \/>\n<meta property=\"og:site_name\" content=\"Klarline\" \/>\n<meta property=\"article:modified_time\" content=\"2022-07-08T09:17:31+00:00\" \/>\n<meta name=\"twitter:card\" content=\"summary_large_image\" \/>\n<meta name=\"twitter:label1\" content=\"Timp estimat pentru citire\" \/>\n\t<meta name=\"twitter:data1\" content=\"1 minut\" \/>\n<script type=\"application\/ld+json\" class=\"yoast-schema-graph\">{\"@context\":\"https:\/\/schema.org\",\"@graph\":[{\"@type\":\"WebSite\",\"@id\":\"https:\/\/klarline.ro\/#website\",\"url\":\"https:\/\/klarline.ro\/\",\"name\":\"Klarline\",\"description\":\"\",\"potentialAction\":[{\"@type\":\"SearchAction\",\"target\":{\"@type\":\"EntryPoint\",\"urlTemplate\":\"https:\/\/klarline.ro\/?s={search_term_string}\"},\"query-input\":\"required name=search_term_string\"}],\"inLanguage\":\"ro-RO\"},{\"@type\":\"WebPage\",\"@id\":\"https:\/\/klarline.ro\/ro\/misiunea\/#webpage\",\"url\":\"https:\/\/klarline.ro\/ro\/misiunea\/\",\"name\":\"Misiunea - \\u00eembr\\u0103c\\u0103minte simpl\\u0103 confortabil\\u0103 \\u0219i durabil\\u0103 din materiale naturale\",\"isPartOf\":{\"@id\":\"https:\/\/klarline.ro\/#website\"},\"datePublished\":\"2021-12-03T17:24:01+00:00\",\"dateModified\":\"2022-07-08T09:17:31+00:00\",\"description\":\"KLARLINE este o colec\\u021bie simpl\\u0103, comod\\u0103 \\u0219i sustenabil\\u0103, care este realizat\\u0103 exclusiv din materiale naturale\",\"breadcrumb\":{\"@id\":\"https:\/\/klarline.ro\/ro\/misiunea\/#breadcrumb\"},\"inLanguage\":\"ro-RO\",\"potentialAction\":[{\"@type\":\"ReadAction\",\"target\":[\"https:\/\/klarline.ro\/ro\/misiunea\/\"]}]},{\"@type\":\"BreadcrumbList\",\"@id\":\"https:\/\/klarline.ro\/ro\/misiunea\/#breadcrumb\",\"itemListElement\":[{\"@type\":\"ListItem\",\"position\":1,\"name\":\"Home\",\"item\":\"https:\/\/klarline.ro\/ro\/\"},{\"@type\":\"ListItem\",\"position\":2,\"name\":\"Misiunea\"}]}]}<\/script>\n<!-- \/ Yoast SEO Premium plugin. -->","yoast_head_json":{"title":"Misiunea - \u00eembr\u0103c\u0103minte simpl\u0103 confortabil\u0103 \u0219i durabil\u0103 din materiale naturale","description":"KLARLINE este o colec\u021bie simpl\u0103, comod\u0103 \u0219i sustenabil\u0103, care este realizat\u0103 exclusiv din materiale naturale","robots":{"index":"index","follow":"follow","max-snippet":"max-snippet:-1","max-image-preview":"max-image-preview:large","max-video-preview":"max-video-preview:-1"},"canonical":"https:\/\/klarline.ro\/ro\/misiunea\/","og_locale":"ro_RO","og_type":"article","og_title":"Misiunea","og_description":"KLARLINE este o colec\u021bie simpl\u0103, comod\u0103 \u0219i sustenabil\u0103, care este realizat\u0103 exclusiv din materiale naturale","og_url":"https:\/\/klarline.ro\/ro\/misiunea\/","og_site_name":"Klarline","article_modified_time":"2022-07-08T09:17:31+00:00","twitter_card":"summary_large_image","twitter_misc":{"Timp estimat pentru citire":"1 minut"},"schema":{"@context":"https:\/\/schema.org","@graph":[{"@type":"WebSite","@id":"https:\/\/klarline.ro\/#website","url":"https:\/\/klarline.ro\/","name":"Klarline","description":"","potentialAction":[{"@type":"SearchAction","target":{"@type":"EntryPoint","urlTemplate":"https:\/\/klarline.ro\/?s={search_term_string}"},"query-input":"required name=search_term_string"}],"inLanguage":"ro-RO"},{"@type":"WebPage","@id":"https:\/\/klarline.ro\/ro\/misiunea\/#webpage","url":"https:\/\/klarline.ro\/ro\/misiunea\/","name":"Misiunea - \u00eembr\u0103c\u0103minte simpl\u0103 confortabil\u0103 \u0219i durabil\u0103 din materiale naturale","isPartOf":{"@id":"https:\/\/klarline.ro\/#website"},"datePublished":"2021-12-03T17:24:01+00:00","dateModified":"2022-07-08T09:17:31+00:00","description":"KLARLINE este o colec\u021bie simpl\u0103, comod\u0103 \u0219i sustenabil\u0103, care este realizat\u0103 exclusiv din materiale naturale","breadcrumb":{"@id":"https:\/\/klarline.ro\/ro\/misiunea\/#breadcrumb"},"inLanguage":"ro-RO","potentialAction":[{"@type":"ReadAction","target":["https:\/\/klarline.ro\/ro\/misiunea\/"]}]},{"@type":"BreadcrumbList","@id":"https:\/\/klarline.ro\/ro\/misiunea\/#breadcrumb","itemListElement":[{"@type":"ListItem","position":1,"name":"Home","item":"https:\/\/klarline.ro\/ro\/"},{"@type":"ListItem","position":2,"name":"Misiunea"}]}]}},"_links":{"self":[{"href":"https:\/\/klarline.ro\/ro\/wp-json\/wp\/v2\/pages\/3472","targetHints":{"allow":["GET"]}}],"collection":[{"href":"https:\/\/klarline.ro\/ro\/wp-json\/wp\/v2\/pages"}],"about":[{"href":"https:\/\/klarline.ro\/ro\/wp-json\/wp\/v2\/types\/page"}],"author":[{"embeddable":true,"href":"https:\/\/klarline.ro\/ro\/wp-json\/wp\/v2\/users\/1"}],"replies":[{"embeddable":true,"href":"https:\/\/klarline.ro\/ro\/wp-json\/wp\/v2\/comments?post=3472"}],"version-history":[{"count":11,"href":"https:\/\/klarline.ro\/ro\/wp-json\/wp\/v2\/pages\/3472\/revisions"}],"predecessor-version":[{"id":3824,"href":"https:\/\/klarline.ro\/ro\/wp-json\/wp\/v2\/pages\/3472\/revisions\/3824"}],"wp:attachment":[{"href":"https:\/\/klarline.ro\/ro\/wp-json\/wp\/v2\/media?parent=3472"}],"curies":[{"name":"wp","href":"https:\/\/api.w.org\/{rel}","templated":true}]}}